{"id":1284,"date":"2022-02-16T08:05:59","date_gmt":"2022-02-16T08:05:59","guid":{"rendered":"https:\/\/www.wolsttoncoffee.com\/aviso-legal\/"},"modified":"2022-07-19T14:51:24","modified_gmt":"2022-07-19T12:51:24","slug":"impressum","status":"publish","type":"page","link":"https:\/\/www.wolsttoncoffee.com\/de\/impressum\/","title":{"rendered":"Impressum"},"content":{"rendered":"<p>In \u00dcbereinstimmung mit dem Gesetz 34\/2002 vom 11. Juli 2002 \u00fcber die Dienste der Informationsgesellschaft und den elektronischen Handel (LSSI) wird der Nutzer dar\u00fcber informiert, dass die Angaben zum Eigent\u00fcmer der Website wie folgt lauten:<\/p>\n<address>LAMMERMOOR S.L.U.<br \/>\nCIF: B85818268.<br \/>\nCalle Sopelana N\u00ba9 Planta CH, Puerta 10 &#8211; 28023 Madrid, Espa\u00f1a.<br \/>\nE-Mail: <a href=\"mailto:support@wolsttoncoffee.com\">support@wolsttoncoffee.com<\/a>.<\/address>\n<p>&nbsp;<\/p>\n<p>Im Handelsregister von Madrid eingetragenes Unternehmen, Band 27.221, Folio 140 Sektion 8, Blatt M-490418, Eintragung. Nachstehend der EIGENT\u00dcMER.<\/p>\n<p><strong>1. Online-Angebot von Dienstleistungen.<\/strong> Die Website fungiert als Online-Shop f\u00fcr das Produktangebot. Der Nutzer muss bei Registrierung und Kauf die Gesch\u00e4fts- und Vertragsbedingungen einhalten.<\/p>\n<p><strong>2. Informativer und werblicher Charakter der Website.<\/strong> Die Website enth\u00e4lt auch Informationen \u00fcber den EIGENT\u00dcMER und seine Marketingaktivit\u00e4ten zur Werbung seiner Produkte.<\/p>\n<p><strong>3. Geistiges Eigentum.<\/strong> Alle auf dieser Website enthaltenen Informationen sowie die grafische Gestaltung und die verwendeten Codes sind urheberrechtlich oder durch andere Schutzrechte gesch\u00fctzt. Diese Rechte geh\u00f6ren ausschlie\u00dflich dem EIGENT\u00dcMER oder seinen Lizenzgebern, daher ist jede Vervielf\u00e4ltigung, Verbreitung, Bearbeitung oder \u00f6ffentliche Mitteilung sowie jede Art der \u00dcbertragung des gesamten oder eines Teils des Inhalts dieser Website ausdr\u00fccklich verboten. Der Inhalt der Website, einschlie\u00dflich der Designs, Texte, Grafiken und Bilder, ist ausschlie\u00dfliches Eigentum der Website oder ihrer Lizenzgeber, wobei alle Rechte vorbehalten sind.<\/p>\n<p><strong>4. Gewerbliches Eigentum.<\/strong> Alle auf dieser Website gezeigten Marken, Logos und Anagramme sind Eigentum des EIGENT\u00dcMERS oder von Drittunternehmen. Es ist ausdr\u00fccklich verboten, ohne vorherige Zustimmung Elemente dieser Website zu verwenden, die nach den geltenden Rechtsvorschriften zu gewerblichem Eigentum gesch\u00fctzt sind. Insbesondere d\u00fcrfen Marken, Handelsnamen, Gesch\u00e4ftszeichen, Bezeichnungen, Logos, Slogans oder jegliche Art von Unterscheidungsmerkmalen, die dem EIGENT\u00dcMER geh\u00f6ren, nicht verwendet werden.<\/p>\n<p><strong>5. Links von Drittanbietern.<\/strong> DER EIGENT\u00dcMER \u00fcbernimmt keinerlei Verantwortung f\u00fcr den Inhalt, die kommerziellen Aktivit\u00e4ten, Produkte und Dienstleistungen, die \u00fcber elektronische Links auf dieser Website abgerufen werden k\u00f6nnen.<\/p>\n<p><strong>6. Links von anderen Seiten.<\/strong> Falls ein Drittanbieter von seiner eigenen Website einen Link zur Website des EIGENT\u00dcMERS einrichten m\u00f6chte, kann er dies tun, sofern es sich nicht um eine Seite handelt, die gegen das Gesetz, die guten Sitten, die Moral oder die \u00f6ffentliche Ordnung verst\u00f6\u00dft. Au\u00dferdem darf der Inhalt der Website des EIGENT\u00dcMERS nicht reproduziert werden. Frames sowie die Verwendung von Unterscheidungsmerkmalen, die Eigentum des EIGENT\u00dcMERS sind (Marken, Logos usw.), sind nicht zul\u00e4ssig. Keinesfalls darf der Eindruck erweckt werden, dass zwischen dem EIGENT\u00dcMER und dem Eigent\u00fcmer einer Drittseite eine Beziehung, Partnerschaft oder Zusammenarbeit besteht.<\/p>\n<p><strong>7. Schutz der personenbezogenen Daten.<\/strong> In allen F\u00e4llen, in denen die Aufnahme personenbezogener Daten beantragt wird, werden die betroffenen Personen gem\u00e4\u00df Artikel 13 der Verordnung 2016\/679 des Europ\u00e4ischen Parlaments und des Rates vom 27. April 2016 zum Schutz nat\u00fcrlicher Personen bei der Verarbeitung personenbezogener Daten und Artikel 11 des Grundgesetzes 3\/2018 vom 5. Dezember \u00fcber den Schutz personenbezogener Daten und die Gew\u00e4hrleistung digitaler Rechte ordnungsgem\u00e4\u00df informiert, und zwar im gleichen visuellen Bereich des Formulars und in unseren <a href=\"https:\/\/www.wolsttoncoffee.com\/de\/datenschutzbestimmungen\/\">Datenschutzrichtlinien<\/a>.<\/p>\n<p><strong>8. Cookies.<\/strong> Ein Cookie ist eine kleine Datei, die vom Browser (Internet Explorer, Firefox, Chrome, Safari &#8230;) automatisch heruntergeladen und auf dem Ger\u00e4t des Nutzers installiert wird, wenn dieser eine Website besucht. Im Allgemeinen k\u00f6nnen diese Technologien f\u00fcr eine Vielzahl von Zwecken eingesetzt werden, z. B. um einen Nutzer zu erkennen, Informationen \u00fcber dessen Surfgewohnheiten zu erhalten oder die Art und Weise, wie Inhalte angezeigt werden, f\u00fcr diesen zu personalisieren. Sie k\u00f6nnen mehr \u00fcber die von dieser Website verwendeten Cookies erfahren, indem Sie unsere <a href=\"https:\/\/www.wolsttoncoffee.com\/de\/cookie-richtlinien\/\">Cookie-Richtlinien<\/a> aufrufen.<\/p>\n<p><strong>9. \u00c4nderungen.<\/strong> Der EIGENT\u00dcMER beh\u00e4lt sich das Recht vor, diese Bedingungen zu \u00e4ndern. Die \u00c4nderungen gelten ab dem Zeitpunkt der Ver\u00f6ffentlichung.<\/p>\n","protected":false},"excerpt":{"rendered":"<p>In \u00dcbereinstimmung mit dem Gesetz 34\/2002 vom 11. Juli 2002 \u00fcber die Dienste der Informationsgesellschaft und den elektronischen Handel (LSSI) wird der Nutzer dar\u00fcber informiert, [&hellip;]<\/p>\n","protected":false},"author":1,"featured_media":0,"parent":0,"menu_order":0,"comment_status":"closed","ping_status":"closed","template":"template-pages\/page-legal.php","meta":{"footnotes":""},"class_list":["post-1284","page","type-page","status-publish","hentry"],"acf":[],"_links":{"self":[{"href":"https:\/\/www.wolsttoncoffee.com\/de\/wp-json\/wp\/v2\/pages\/1284","targetHints":{"allow":["GET"]}}],"collection":[{"href":"https:\/\/www.wolsttoncoffee.com\/de\/wp-json\/wp\/v2\/pages"}],"about":[{"href":"https:\/\/www.wolsttoncoffee.com\/de\/wp-json\/wp\/v2\/types\/page"}],"author":[{"embeddable":true,"href":"https:\/\/www.wolsttoncoffee.com\/de\/wp-json\/wp\/v2\/users\/1"}],"replies":[{"embeddable":true,"href":"https:\/\/www.wolsttoncoffee.com\/de\/wp-json\/wp\/v2\/comments?post=1284"}],"version-history":[{"count":5,"href":"https:\/\/www.wolsttoncoffee.com\/de\/wp-json\/wp\/v2\/pages\/1284\/revisions"}],"predecessor-version":[{"id":2571,"href":"https:\/\/www.wolsttoncoffee.com\/de\/wp-json\/wp\/v2\/pages\/1284\/revisions\/2571"}],"wp:attachment":[{"href":"https:\/\/www.wolsttoncoffee.com\/de\/wp-json\/wp\/v2\/media?parent=1284"}],"curies":[{"name":"wp","href":"https:\/\/api.w.org\/{rel}","templated":true}]}}