{"id":1298,"date":"2022-02-15T16:11:41","date_gmt":"2022-02-15T16:11:41","guid":{"rendered":"https:\/\/www.wolsttoncoffee.com\/devoluciones-y-desistimiento\/"},"modified":"2022-04-05T10:52:40","modified_gmt":"2022-04-05T10:52:40","slug":"rueckgabe-und-widerruf","status":"publish","type":"page","link":"https:\/\/www.wolsttoncoffee.com\/de\/rueckgabe-und-widerruf\/","title":{"rendered":"R\u00fcckgabe und Widerruf"},"content":{"rendered":"<h2>Widerrufsrecht<\/h2>\n<p>Der Kunde hat das Recht, ohne Angabe von Gr\u00fcnden vom Kauf zur\u00fcckzutreten. Die Frist f\u00fcr die Aus\u00fcbung dieses Rechts betr\u00e4gt <strong>14 Kalendertage ab dem Datum des Erhalts des gekauften Produkts<\/strong> (durch den Kunden oder durch einen vom Kunden angegebenen Dritten). Bei mehreren Produkten desselben Kaufs, die getrennt geliefert werden, gilt die Berechnung der 14 Kalendertage ab dem Empfangsdatum des zuletzt gelieferten Produkts.<\/p>\n<p>F\u00fcr den Umtausch anfallende Kosten gehen zu Lasten des Kunden.<\/p>\n<p>Der Kunde muss das gekauften Produkt\/die gekauften Produkte gem\u00e4\u00df dem unten beschriebenen Verfahren innerhalb von 14 Tagen ab dem Datum, an dem der Widerruf mitgeteilt wurde, zur\u00fcckgeben.<br \/>\nNach einer Pr\u00fcfung des Zustands des zur\u00fcckgesandten Produkts wird die R\u00fcckerstattung vorgenommen.<\/p>\n<ul>\n<li>Die Mitteilung \u00fcber die Aus\u00fcbung des Widerrufsrechts durch den Kunden muss vor Ablauf der vorgenannten Frist von 14 Kalendertagen geschehen.<\/li>\n<li>Alle geleisteten Zahlungen, einschlie\u00dflich der Versandkosten, werden zur\u00fcckerstattet, es sei denn, der Kunde hat ausdr\u00fccklich nicht den kosteng\u00fcnstigsten Standardversand gew\u00e4hlt; in diesem Fall besteht keine Verpflichtung zur Erstattung der dadurch entstandenen Mehrkosten.<\/li>\n<li>Der Betrag ist so schnell wie m\u00f6glich, sp\u00e4testens jedoch 14 Kalendertage nach dem Tag, an dem der Kunde seine Entscheidung, vom Vertrag zur\u00fcckzutreten, mitgeteilt hat, an den Kunden zu zahlen.<\/li>\n<li>Die Erstattung erfolgt auf demselben Zahlungsweg, es sei denn, der Kunde hat ausdr\u00fccklich anders entschieden, und unter der Voraussetzung, dass dem Kunden durch die Erstattung keine Kosten entstehen.<\/li>\n<li>Die Erstattung kann bis zum R\u00fcckerhalt der Waren einbehalten werden, oder bis der Kunde den Nachweis \u00fcber die R\u00fccksendung der Waren erbracht hat, je nachdem, welche Bedingung zuerst erf\u00fcllt ist.<\/li>\n<\/ul>\n<h2>R\u00fcckgabe:<\/h2>\n<p>Ein mangelhaftes Produkt, wenn das Produkt nicht mit dem Vertragsgegenstand \u00fcbereinstimmt, oder wenn Sie ein falsches Produkt erhalten haben.<\/p>\n<h2>Wie kann dieses Recht wahrgenommen werden?<\/h2>\n<ul>\n<li>Machen Sie von Ihren Rechten Gebrauch, indem Sie auf diesen <span class=\"active-popup\">Link<\/span> klicken und Ihre Bestellnummer angeben; Sie k\u00f6nnen auch an <a href=\"mailto:orders@wolsttoncoffee.com\">orders@wolsttoncoffee.com<\/a> schreiben. Sie k\u00f6nnen unser Formular ausf\u00fcllen und es an ebendiese E-Mail-Adresse senden.<\/li>\n<\/ul>\n","protected":false},"excerpt":{"rendered":"<p>Widerrufsrecht Der Kunde hat das Recht, ohne Angabe von Gr\u00fcnden vom Kauf zur\u00fcckzutreten. Die Frist f\u00fcr die Aus\u00fcbung dieses Rechts betr\u00e4gt 14 Kalendertage ab dem [&hellip;]<\/p>\n","protected":false},"author":1,"featured_media":0,"parent":0,"menu_order":0,"comment_status":"closed","ping_status":"closed","template":"template-pages\/page-legal.php","meta":{"footnotes":""},"class_list":["post-1298","page","type-page","status-publish","hentry"],"acf":[],"_links":{"self":[{"href":"https:\/\/www.wolsttoncoffee.com\/de\/wp-json\/wp\/v2\/pages\/1298","targetHints":{"allow":["GET"]}}],"collection":[{"href":"https:\/\/www.wolsttoncoffee.com\/de\/wp-json\/wp\/v2\/pages"}],"about":[{"href":"https:\/\/www.wolsttoncoffee.com\/de\/wp-json\/wp\/v2\/types\/page"}],"author":[{"embeddable":true,"href":"https:\/\/www.wolsttoncoffee.com\/de\/wp-json\/wp\/v2\/users\/1"}],"replies":[{"embeddable":true,"href":"https:\/\/www.wolsttoncoffee.com\/de\/wp-json\/wp\/v2\/comments?post=1298"}],"version-history":[{"count":6,"href":"https:\/\/www.wolsttoncoffee.com\/de\/wp-json\/wp\/v2\/pages\/1298\/revisions"}],"predecessor-version":[{"id":2283,"href":"https:\/\/www.wolsttoncoffee.com\/de\/wp-json\/wp\/v2\/pages\/1298\/revisions\/2283"}],"wp:attachment":[{"href":"https:\/\/www.wolsttoncoffee.com\/de\/wp-json\/wp\/v2\/media?parent=1298"}],"curies":[{"name":"wp","href":"https:\/\/api.w.org\/{rel}","templated":true}]}}