{"id":1307,"date":"2022-02-16T08:08:38","date_gmt":"2022-02-16T08:08:38","guid":{"rendered":"https:\/\/www.wolsttoncoffee.com\/politica-de-cookies\/"},"modified":"2022-07-19T14:57:03","modified_gmt":"2022-07-19T12:57:03","slug":"cookie-richtlinien","status":"publish","type":"page","link":"https:\/\/www.wolsttoncoffee.com\/de\/cookie-richtlinien\/","title":{"rendered":"Cookie-Richtlinien"},"content":{"rendered":"<p>Zweck dieser Cookie-Richtlinien ist es, klare und pr\u00e4zise Informationen \u00fcber die auf der Website verwendeten Cookies bereitzustellen. Identifikation des Verantwortlichen:<\/p>\n<address>LAMMERMOOR S.L.U.<br \/>\nCIF B85818268<br \/>\nCalle Sopelana N\u00ba9 Planta CH, Puerta 10 &#8211; 28023 Madrid, Espa\u00f1a.<\/address>\n<p>Aus\u00fcbung des Rechts:<\/p>\n<ul>\n<li>Correo electr\u00f3nico: <a href=\"mailto:gdpr@wolsttoncoffee.com\">gdpr@wolsttoncoffee.com<\/a><\/li>\n<\/ul>\n<h2>Was sind Cookies?<\/h2>\n<p>Ein Cookie ist eine kleine Datei, die beim Besuch einer Website automatisch \u00fcber den Browser (Internet Explorer, Firefox, Chrome, Safari usw.) auf das Ger\u00e4t des Nutzers heruntergeladen und dort installiert wird.<\/p>\n<p>Im Allgemeinen k\u00f6nnen diese Technologien f\u00fcr eine Vielzahl von Zwecken eingesetzt werden, z. B. um Sie als Nutzer zu erkennen, Informationen \u00fcber Ihre Surfgewohnheiten zu erhalten oder die Darstellung von Inhalten zu personalisieren usw.<\/p>\n<p>Im Folgenden wird beschrieben, wie wir diese Technologie im Einzelnen nutzen.<\/p>\n<h2>Klassifizierung und Arten verwendeter Cookies<\/h2>\n<p>Cookies werden je nach Unternehmen, das sie verwaltet, nach ihrem Zweck und nach der Dauer ihrer Aktivit\u00e4t klassifiziert.<\/p>\n<ul>\n<li>Cookies nach Unternehmen, das sie verwaltet\n<ul>\n<li>Eigene Cookies:\u00a0Es handelt sich um Cookies, die von dieser Website erstellt wurden und auch nur von der Website selbst gelesen werden k\u00f6nnen.<\/li>\n<li>Cookies von Drittanbietern:\u00a0 Diejenigen Cookies, die von anderen Unternehmen erstellt und verwaltet werden, wie z. B. Werbe-, Personalisierungs- und Analysedienstleistern. Diese Drittanbieter k\u00f6nnen uns anonyme Daten melden.<\/li>\n<\/ul>\n<\/li>\n<li>Cookies nach Zweck\n<ul>\n<li>Unbedingt notwendige Cookies: Diese erm\u00f6glichen es Ihnen, auf der Website zu surfen und ihre wesentlichen Funktionen zu nutzen. Ohne die unbedingt notwendigen Cookies funktioniert die Website nicht korrekt.Beispielsweise regeln unbedingt notwendige Cookies die Kontrolle des Datenverkehrs und der Datenkommunikation, die Identifizierung der Sitzung, den Zugang zu eingeschr\u00e4nkten Bereichen, die Verwendung von Sicherheitselementen beim Surfen usw.<\/li>\n<li>Bevorzugte oder personalisierte Cookies: Sie erm\u00f6glichen es, Informationen zu speichern, damit der Nutzer mit bestimmten Merkmalen auf den Dienst zugreifen kann, die ihn von anderen Nutzern unterscheiden k\u00f6nnen, wie z. B. Sprache, regionale Einstellungen oder Browser.<\/li>\n<li>Cookies zu Analyse und Messungen: Sie erm\u00f6glichen dem Eigent\u00fcmer der Website die \u00dcberwachung, Analyse und statistische Auswertung des Nutzerverhaltens bei seinem Dienst und die Quantifizierung der Werbewirkung. Sie werden verwendet, um die Aktivit\u00e4t der Website, App oder Plattform zu messen, um auf der Grundlage dieser Analyse der Nutzungsdaten des Dienstes Verbesserungen vorzunehmen. Normalerweise sind dies Cookies mit geringem Datenschutzrisiko, wenn es sich dabei um aggregierte Daten handelt.<\/li>\n<li>Cookies f\u00fcr verhaltensbezogene Werbung: Diese Cookies speichern Informationen \u00fcber das Nutzerverhalten, die durch die kontinuierliche Beobachtung der Surfgewohnheiten gewonnen werden und erm\u00f6glichen, ein spezifisches Profil zu erstellen, um darauf basierende Werbung anzuzeigen.<\/li>\n<li>Werbe-Cookies:\u00a0Sie erm\u00f6glichen eine m\u00f6glichst effiziente Verwaltung der Werbefl\u00e4chen auf der Grundlage von Kriterien wie dem bearbeiteten Inhalt oder der H\u00e4ufigkeit, mit der die Werbung angezeigt wird.<\/li>\n<\/ul>\n<\/li>\n<li>Cookies nach Dauer ihrer Aktivit\u00e4t\n<ul>\n<li>Sitzungscookies:\u00a0Sie dienen der Erfassung und Speicherung von Daten, w\u00e4hrend der Nutzer auf die Website zugreift. Sie werden in der Regel verwendet, um Informationen zu speichern, die nur einmalig f\u00fcr die Sicherstellung des vom Nutzer angeforderten Dienstes relevant sind.<\/li>\n<li>Permanente Cookies:\u00a0Es handelt sich um eine Art Cookies, bei der die Daten auf dem Endger\u00e4t gespeichert bleiben und f\u00fcr einen von der f\u00fcr das Cookie verantwortlichen Partei festgelegten Zeitraum, der von einigen Minuten bis zu mehreren Jahren reichen kann, abgerufen und verarbeitet werden kann.<\/li>\n<\/ul>\n<\/li>\n<\/ul>\n<h2>Auf dieser Website verwendete Cookies und EINSTELLUNGEN<\/h2>\n<table class=\"cookielawinfo-row-cat-table cookielawinfo-classic\"><thead><tr><th class=\"cookielawinfo-column-1\">Cookie<\/th><th class=\"cookielawinfo-column-2\">Type<\/th><th class=\"cookielawinfo-column-3\">Duration<\/th><th class=\"cookielawinfo-column-4\">Description<\/th><\/tr><\/thead><tbody><tr class=\"cookielawinfo-row\"><td class=\"cookielawinfo-column-1\">__stripe_mid<\/td><td class=\"cookielawinfo-column-2\"><\/td><td class=\"cookielawinfo-column-3\">1 year<\/td><td class=\"cookielawinfo-column-4\">Stripe sets this cookie cookie to process payments.<\/td><\/tr><tr class=\"cookielawinfo-row\"><td class=\"cookielawinfo-column-1\">__stripe_sid<\/td><td class=\"cookielawinfo-column-2\"><\/td><td class=\"cookielawinfo-column-3\">30 minutes<\/td><td class=\"cookielawinfo-column-4\">Stripe sets this cookie cookie to process payments.<\/td><\/tr><tr class=\"cookielawinfo-row\"><td class=\"cookielawinfo-column-1\">_fbp<\/td><td class=\"cookielawinfo-column-2\"><\/td><td class=\"cookielawinfo-column-3\">3 months<\/td><td class=\"cookielawinfo-column-4\">This cookie is set by Facebook to display advertisements when either on Facebook or on a digital platform powered by Facebook advertising, after visiting the website.<\/td><\/tr><tr class=\"cookielawinfo-row\"><td class=\"cookielawinfo-column-1\">_ga<\/td><td class=\"cookielawinfo-column-2\"><\/td><td class=\"cookielawinfo-column-3\">2 years<\/td><td class=\"cookielawinfo-column-4\">The _ga cookie, installed by Google Analytics, calculates visitor, session and campaign data and also keeps track of site usage for the site's analytics report. The cookie stores information anonymously and assigns a randomly generated number to recognize unique visitors.<\/td><\/tr><tr class=\"cookielawinfo-row\"><td class=\"cookielawinfo-column-1\">_ga_B889NZK9QY<\/td><td class=\"cookielawinfo-column-2\"><\/td><td class=\"cookielawinfo-column-3\">2 years<\/td><td class=\"cookielawinfo-column-4\">This cookie is installed by Google Analytics.<\/td><\/tr><tr class=\"cookielawinfo-row\"><td class=\"cookielawinfo-column-1\">CONSENT<\/td><td class=\"cookielawinfo-column-2\"><\/td><td class=\"cookielawinfo-column-3\">2 years<\/td><td class=\"cookielawinfo-column-4\">YouTube sets this cookie via embedded youtube-videos and registers anonymous statistical data.<\/td><\/tr><tr class=\"cookielawinfo-row\"><td class=\"cookielawinfo-column-1\">cookielawinfo-checkbox-advertisement<\/td><td class=\"cookielawinfo-column-2\"><\/td><td class=\"cookielawinfo-column-3\">1 year<\/td><td class=\"cookielawinfo-column-4\">Set by the GDPR Cookie Consent plugin, this cookie is used to record the user consent for the cookies in the \"Advertisement\" category .<\/td><\/tr><tr class=\"cookielawinfo-row\"><td class=\"cookielawinfo-column-1\">cookielawinfo-checkbox-analytics<\/td><td class=\"cookielawinfo-column-2\"><\/td><td class=\"cookielawinfo-column-3\">1 year<\/td><td class=\"cookielawinfo-column-4\">Set by the GDPR Cookie Consent plugin, this cookie is used to record the user consent for the cookies in the \"Analytics\" category .<\/td><\/tr><tr class=\"cookielawinfo-row\"><td class=\"cookielawinfo-column-1\">cookielawinfo-checkbox-functional<\/td><td class=\"cookielawinfo-column-2\"><\/td><td class=\"cookielawinfo-column-3\">1 year<\/td><td class=\"cookielawinfo-column-4\">The cookie is set by the GDPR Cookie Consent plugin to record the user consent for the cookies in the category \"Functional\".<\/td><\/tr><tr class=\"cookielawinfo-row\"><td class=\"cookielawinfo-column-1\">cookielawinfo-checkbox-necessary<\/td><td class=\"cookielawinfo-column-2\"><\/td><td class=\"cookielawinfo-column-3\">1 year<\/td><td class=\"cookielawinfo-column-4\">Set by the GDPR Cookie Consent plugin, this cookie is used to record the user consent for the cookies in the \"Necessary\" category .<\/td><\/tr><tr class=\"cookielawinfo-row\"><td class=\"cookielawinfo-column-1\">cookielawinfo-checkbox-others<\/td><td class=\"cookielawinfo-column-2\"><\/td><td class=\"cookielawinfo-column-3\">1 year<\/td><td class=\"cookielawinfo-column-4\">Set by the GDPR Cookie Consent plugin, this cookie is used to store the user consent for cookies in the category \"Others\".<\/td><\/tr><tr class=\"cookielawinfo-row\"><td class=\"cookielawinfo-column-1\">cookielawinfo-checkbox-performance<\/td><td class=\"cookielawinfo-column-2\"><\/td><td class=\"cookielawinfo-column-3\">1 year<\/td><td class=\"cookielawinfo-column-4\">Set by the GDPR Cookie Consent plugin, this cookie is used to store the user consent for cookies in the category \"Performance\".<\/td><\/tr><tr class=\"cookielawinfo-row\"><td class=\"cookielawinfo-column-1\">CookieLawInfoConsent<\/td><td class=\"cookielawinfo-column-2\"><\/td><td class=\"cookielawinfo-column-3\">1 year<\/td><td class=\"cookielawinfo-column-4\">Records the default button state of the corresponding category &amp; the status of CCPA. It works only in coordination with the primary cookie.<\/td><\/tr><tr class=\"cookielawinfo-row\"><td class=\"cookielawinfo-column-1\">fr<\/td><td class=\"cookielawinfo-column-2\"><\/td><td class=\"cookielawinfo-column-3\">3 months<\/td><td class=\"cookielawinfo-column-4\">Facebook sets this cookie to show relevant advertisements to users by tracking user behaviour across the web, on sites that have Facebook pixel or Facebook social plugin.<\/td><\/tr><tr class=\"cookielawinfo-row\"><td class=\"cookielawinfo-column-1\">m<\/td><td class=\"cookielawinfo-column-2\"><\/td><td class=\"cookielawinfo-column-3\">2 years<\/td><td class=\"cookielawinfo-column-4\">No description available.<\/td><\/tr><tr class=\"cookielawinfo-row\"><td class=\"cookielawinfo-column-1\">NID<\/td><td class=\"cookielawinfo-column-2\"><\/td><td class=\"cookielawinfo-column-3\">6 months<\/td><td class=\"cookielawinfo-column-4\">NID cookie, set by Google, is used for advertising purposes; to limit the number of times the user sees an ad, to mute unwanted ads, and to measure the effectiveness of ads.<\/td><\/tr><tr class=\"cookielawinfo-row\"><td class=\"cookielawinfo-column-1\">PHPSESSID<\/td><td class=\"cookielawinfo-column-2\"><\/td><td class=\"cookielawinfo-column-3\">session<\/td><td class=\"cookielawinfo-column-4\">This cookie is native to PHP applications. The cookie is used to store and identify a users' unique session ID for the purpose of managing user session on the website. The cookie is a session cookies and is deleted when all the browser windows are closed.<\/td><\/tr><tr class=\"cookielawinfo-row\"><td class=\"cookielawinfo-column-1\">wp_woocommerce_session_ebde0b42fbfcfd31a14b7fe119d1b8cc<\/td><td class=\"cookielawinfo-column-2\"><\/td><td class=\"cookielawinfo-column-3\">2 days<\/td><td class=\"cookielawinfo-column-4\">No description<\/td><\/tr><tr class=\"cookielawinfo-row\"><td class=\"cookielawinfo-column-1\">wp-wpml_current_language<\/td><td class=\"cookielawinfo-column-2\"><\/td><td class=\"cookielawinfo-column-3\">session<\/td><td class=\"cookielawinfo-column-4\">No description available.<\/td><\/tr><\/tbody><\/table>\n<h2>Rechtsgrundlage und Aufbewahrungsfrist<\/h2>\n<p>Die Rechtsgrundlage f\u00fcr die Verarbeitung bestimmter personenbezogener Daten (z. B. Ger\u00e4tekenndaten oder IP-Adressen) zu den in der obigen Tabelle genannten Zwecken ist die Zustimmung des Nutzers, die, wie im Informationsbanner und in dieser Richtlinie dargelegt, erteilt wird, mit Ausnahme der Cookies, die f\u00fcr das Surfen auf unserer Website unbedingt erforderlich sind.<\/p>\n<p>Die Aufbewahrungsfrist f\u00fcr Ihre personenbezogenen Daten entspricht dem f\u00fcr jedes Cookie in der Tabelle der verwendeten Cookies festgelegten Zeitraum.<\/p>\n<h2>Einverst\u00e4ndnis<\/h2>\n<p>Um Cookies auf dem Ger\u00e4t des Nutzers installieren zu k\u00f6nnen, ben\u00f6tigen wir Ihre Zustimmung, die durch Anklicken der Schaltfl\u00e4che &#8220;Akzeptieren&#8221; im Banner ausdr\u00fccklich erteilt wird. Bez\u00fcglich der Cookies, die f\u00fcr das Surfen auf unserer Website erforderlich sind, bitten wir nicht um Zustimmung.<\/p>\n<h2>Widerruf des Einverst\u00e4ndnisses<\/h2>\n<p>Sie k\u00f6nnen Ihre Zustimmung zu dieser Cookie-Richtlinie zu jedem Zeitpunkt \u00e4ndern oder widerrufen.<\/p>\n<p><a role='button' tabindex='0' class=\"medium cli-plugin-button cli-plugin-main-button cli_settings_button\">Cookie-Einstellungen<\/a> | <a role='button' tabindex='0' id=\"cookie_action_close_header_reject\"  class=\"medium cli-plugin-button cli-plugin-main-button cookie_action_close_header_reject cli_action_button wt-cli-reject-btn\"  data-cli_action=\"reject\">Alles ablehnen<\/a><\/p>\n\n<h2>Internationale Kommunikation und Daten\u00fcbermittlung<\/h2>\n<p>Die auf dieser Website verwendeten Drittanbieter-Cookies geh\u00f6ren den angegebenen Anbietern, die unter Umst\u00e4nden in den Vereinigten Staaten oder anderswo au\u00dferhalb des Europ\u00e4ischen Wirtschaftsraums ans\u00e4ssig sein k\u00f6nnen. Diese Gebiete bieten m\u00f6glicherweise keinen dem der Europ\u00e4ischen Union gleichwertigen Schutz Ihrer personenbezogenen Daten.<\/p>\n<h2>Cookie-Deaktivierung<\/h2>\n<p>Um Ihre Zustimmung zu widerrufen, aktivieren Sie einfach die von uns bereitgestellten Schaltfl\u00e4chen oder stellen Ihren Browser so ein, dass Cookies abgelehnt werden. Sie sollten auch den Verlauf l\u00f6schen, um bereits installierte Cookies zu entfernen.<\/p>\n<p>Zus\u00e4tzlich zu den Schaltfl\u00e4chen f\u00fcr die Cookie-Konfiguration in diesen Richtlinien finden Sie nachstehend Links zu Informationen, wie Sie Cookies in den am h\u00e4ufigsten verwendeten Browsern deaktivieren:<\/p>\n<ul>\n<li>Google Chrome: <a style=\"color: #ccc;\" href=\"https:\/\/support.google.com\/chrome\/answer\/95647?co=GENIE.Platform%3DDesktop&amp;oco=1\">Mehr Informationen<\/a><\/li>\n<li>Google Chrome f\u00fcr Handys (iOS): <a style=\"color: #ccc;\" href=\"https:\/\/support.google.com\/chrome\/answer\/95647?co=GENIE.Platform%3DiOS&amp;oco=1\">Mehr Informationen<\/a><\/li>\n<li>Google Chrome f\u00fcr Handys (Android): <a style=\"color: #ccc;\" href=\"https:\/\/support.google.com\/chrome\/answer\/95647?co=GENIE.Platform%3DAndroid&amp;oco=1\">Mehr Informationen<\/a><\/li>\n<li>Microsoft Edge: <a style=\"color: #ccc;\" href=\"https:\/\/support.microsoft.com\/es-es\/microsoft-edge\/eliminar-las-cookies-en-microsoft-edge-63947406-40ac-c3b8-57b9-2a946a29ae09\">Mehr Informationen<\/a><\/li>\n<li>Mozilla Firefox: <a style=\"color: #ccc;\" href=\"https:\/\/support.microsoft.com\/es-es\/microsoft-edge\/eliminar-las-cookies-en-microsoft-edge-63947406-40ac-c3b8-57b9-2a946a29ae09\">Mehr Informationen<\/a><\/li>\n<li>Opera: <a style=\"color: #ccc;\" href=\"https:\/\/blogs.opera.com\/news\/2015\/08\/how-to-manage-cookies-in-opera\/\">Mehr Informationen<\/a><\/li>\n<li>Safari: <a style=\"color: #ccc;\" href=\"https:\/\/support.apple.com\/es-es\/guide\/safari\/sfri11471\/mac\">Mehr Informationen<\/a><\/li>\n<\/ul>\n<h2>Nutzerrechte<\/h2>\n<p>Der Nutzer kann sein Recht auf Zugang, Berichtigung, L\u00f6schung, Widerspruch sowie andere Rechte unter <a href=\"mailto:gdpr@wolsttoncoffee.com\">gdpr@wolsttoncoffee.com<\/a> aus\u00fcben.<\/p>\n<p>Der Nutzer hat auch das Recht, eine Beschwerde bei der zust\u00e4ndigen Aufsichtsbeh\u00f6rde einzureichen. In Spanien ist dies die spanische Datenschutzbeh\u00f6rde (Agencia Espa\u00f1ola de Protecci\u00f3n de Datos) (<a href=\"http:\/\/www.aepd.es\">www.aepd.es<\/a>)..<\/p>\n<h2>Mehr Informationen<\/h2>\n<p>Erhalten Sie in unseren <a href=\"https:\/\/www.wolsttoncoffee.com\/de\/datenschutzbestimmungen\/\">Datenschutzbestimmungen<\/a> weitere Informationen dar\u00fcber, wer wir sind, wie Sie uns kontaktieren k\u00f6nnen, wie wir Ihre pers\u00f6nlichen Daten verarbeiten und wie Sie Ihre Rechte aus\u00fcben k\u00f6nnen.<\/p>\n","protected":false},"excerpt":{"rendered":"<p>Zweck dieser Cookie-Richtlinien ist es, klare und pr\u00e4zise Informationen \u00fcber die auf der Website verwendeten Cookies bereitzustellen. Identifikation des Verantwortlichen: LAMMERMOOR S.L.U. CIF B85818268 Calle [&hellip;]<\/p>\n","protected":false},"author":1,"featured_media":0,"parent":0,"menu_order":0,"comment_status":"closed","ping_status":"closed","template":"template-pages\/page-legal.php","meta":{"footnotes":""},"class_list":["post-1307","page","type-page","status-publish","hentry"],"acf":[],"_links":{"self":[{"href":"https:\/\/www.wolsttoncoffee.com\/de\/wp-json\/wp\/v2\/pages\/1307","targetHints":{"allow":["GET"]}}],"collection":[{"href":"https:\/\/www.wolsttoncoffee.com\/de\/wp-json\/wp\/v2\/pages"}],"about":[{"href":"https:\/\/www.wolsttoncoffee.com\/de\/wp-json\/wp\/v2\/types\/page"}],"author":[{"embeddable":true,"href":"https:\/\/www.wolsttoncoffee.com\/de\/wp-json\/wp\/v2\/users\/1"}],"replies":[{"embeddable":true,"href":"https:\/\/www.wolsttoncoffee.com\/de\/wp-json\/wp\/v2\/comments?post=1307"}],"version-history":[{"count":7,"href":"https:\/\/www.wolsttoncoffee.com\/de\/wp-json\/wp\/v2\/pages\/1307\/revisions"}],"predecessor-version":[{"id":2574,"href":"https:\/\/www.wolsttoncoffee.com\/de\/wp-json\/wp\/v2\/pages\/1307\/revisions\/2574"}],"wp:attachment":[{"href":"https:\/\/www.wolsttoncoffee.com\/de\/wp-json\/wp\/v2\/media?parent=1307"}],"curies":[{"name":"wp","href":"https:\/\/api.w.org\/{rel}","templated":true}]}}