{"id":1309,"date":"2021-05-11T10:37:19","date_gmt":"2021-05-11T10:37:19","guid":{"rendered":"https:\/\/www.wolsttoncoffee.com\/privacy-policy\/"},"modified":"2022-07-19T14:43:16","modified_gmt":"2022-07-19T12:43:16","slug":"datenschutzbestimmungen","status":"publish","type":"page","link":"https:\/\/www.wolsttoncoffee.com\/de\/datenschutzbestimmungen\/","title":{"rendered":"Datenschutzbestimmungen"},"content":{"rendered":"<h2>1. Identifizierung des f\u00fcr die Datenverarbeitung Verantwortlichen<\/h2>\n<p>Gem\u00e4\u00df den Bestimmungen der VERORDNUNG (EU) 2016\/679 DES EUROP\u00c4ISCHEN PARLAMENTS UND DES RATES vom 27. April 2016 zum Schutz nat\u00fcrlicher Personen bei der Verarbeitung personenbezogener Daten und zum freien Datenverkehr (im Folgenden GDPR) informieren wir Sie dar\u00fcber, dass personenbezogene Daten von dem folgenden f\u00fcr die Datenverarbeitung Verantwortlichen verarbeitet werden:<\/p>\n<address>LAMMERMOOR S.L.U.<br \/>\nCIF B85818268<br \/>\nCalle Sopelana N\u00ba9 Planta CH, Puerta 10 &#8211; 28023 Madrid, Espa\u00f1a.<\/address>\n<p>Kontakt bez\u00fcglich der Aus\u00fcbung Ihrer Rechte: <a href=\"mailto:gdpr@wolsttoncoffee.com\">gdpr@wolsttoncoffee.com<\/a><\/p>\n<p>Im Folgenden der f\u00fcr die Verarbeitung Verantwortliche.<\/p>\n<h2>2. Allgemeine Datenschutzbestimmungen<\/h2>\n<p>Bei der Erfassung und Verarbeitung Ihrer personenbezogenen Daten folgen wir von den nachstehenden praktischen Grunds\u00e4tzen:<\/p>\n<ul>\n<li>Die personenbezogenen Daten werden fair, legal und transparent bearbeitet.<\/li>\n<li>Personenbezogene Daten werden f\u00fcr festgelegte, eindeutige und rechtm\u00e4\u00dfige Zwecke erhoben und nicht auf eine Weise verarbeitet, die mit diesen Zwecken unvereinbar ist.<\/li>\n<li>Personenbezogene Daten sind in angemessener, relevanter und erforderlicher Weise auf die Zwecke beschr\u00e4nkt, f\u00fcr die sie verarbeitet werden.<\/li>\n<li>Personenbezogene Daten m\u00fcssen korrekt und auf dem neuesten Stand sein. Inkorrekte Daten werden entweder aktualisiert oder gel\u00f6scht.<\/li>\n<li>Personenbezogene Daten sollen in einem identifizierbaren Format und nur so lange aufbewahrt werden, wie es unbedingt erforderlich ist.<\/li>\n<li>Personenbezogene Daten werden durch geeignete sowie wirksame technische und organisatorische Ma\u00dfnahmen gegen unbefugte oder unrechtm\u00e4\u00dfige Verarbeitung und gegen zuf\u00e4lligen Verlust, Zerst\u00f6rung oder Besch\u00e4digung gesichert (&#8220;Integrit\u00e4t und Vertraulichkeit&#8221;).<\/li>\n<li>Wir verpflichten uns standardm\u00e4\u00dfig sowie in Technik und Design den Grunds\u00e4tzen des Datenschutzes.<\/li>\n<\/ul>\n<h2>3. Zwecke der Erhebung personenbezogener Daten<\/h2>\n<p>Las finalidades seg\u00fan los tratamientos son las siguientes:<\/p>\n<ul>\n<li>Online-Verkauf: Ausf\u00fchrung des Kaufvertrags. Kundenverwaltung und -betreuung, Administration und Auftragsbearbeitung, Rechnungsstellung, Inkassoverwaltung und -kontrolle, Zufriedenheitsumfragen, Produktrezensionen und jegliche weitere Anwendungsgebiete zur Aufrechterhaltung der Gesch\u00e4ftsbeziehung.<\/li>\n<li>Nutzer- und Kundenkontakt: Bearbeitung von Anfragen, Vorschl\u00e4gen und Beschwerden per Telefon oder E-Mail.<\/li>\n<li>Marketing, auch auf elektronischem Wege: Zusendung von Rabattaktionen, Neuigkeiten und Sonderangeboten zu Produkten und Dienstleistungen. Dazu geh\u00f6rt auch die Anzeige von Werbung, unter anderem auch in den sozialen Netzwerken (je nach Nutzereinstellungen). Zu diesem Zweck kann eine Profilanalyse (zu Kaufverhalten, Browserverlauf und Klickverlauf) durchgef\u00fchrt werden, um Vorlieben und Interessen zu ermitteln und somit n\u00fctzliche Anzeigen zu generieren, die Werbung f\u00fcr Produkte enthalten, die diesen Vorlieben und Interessen entsprechen.<\/li>\n<\/ul>\n<h2>4.- Legitimation der Verarbeitung personenbezogener Daten<\/h2>\n<ul>\n<li>Online-Kaufkundschaft: Aus\u00fcbung des Vertrags mit der betroffenen Person.<\/li>\n<li>Nutzer, der eine unserer Kontaktmethode verwendet hat: Zustimmung der betroffenen Person.<\/li>\n<li>Marketing, auch auf elektronischem Wege: Zustimmung der betroffenen Person.<\/li>\n<li>Profilerstellung: berechtigtes Interesse des f\u00fcr die Verarbeitung Verantwortlichen an einer Verarbeitung, die auch f\u00fcr die betroffene Person von Vorteil ist, da sie Zugang zu geeigneten Informationen erh\u00e4lt, die auf die pers\u00f6nlichen Interessen und Vorlieben zugeschnitten sind. Das berechtigte Interesse des f\u00fcr die Verarbeitung Verantwortlichen besteht darin, seine Werbeanzeigen zu optimieren und sie zu personalisieren, um die Chancen f\u00fcr die Vermarktung der auf der Website angebotenen Produkte zu erh\u00f6hen.<\/li>\n<\/ul>\n<h2>5. Empf\u00e4nger und internationale Daten\u00fcbermittlung<\/h2>\n<p>Eine Weitergabe an Dritte ist au\u00dfer bei gesetzlichen Verpflichtungen und an unsere mit der Verarbeitung beauftragten Lieferanten nicht vorgesehen. Es werden keine internationalen Daten\u00fcbermittlungen vorgenommen, da alle Daten innerhalb des Europ\u00e4ischen Wirtschaftsraums verarbeitet werden. Im Falle einer Notwendigkeit k\u00f6nnen diese je nach Art der Verarbeitung unter anderem an Banken, Steuerbeh\u00f6rden und Inkassob\u00fcros \u00fcbermittelt werden.<\/p>\n<h2>6. Erstellung von Profilen und automatisierte Entscheidungen<\/h2>\n<p>Profiling ist jede Form der automatisierten Verarbeitung personenbezogener Daten, die darin besteht, dass diese Daten verwendet werden, um bestimmte pers\u00f6nliche Aspekte einer nat\u00fcrlichen Person, insbesondere Aspekte bez\u00fcglich ihrer beruflichen Leistungsf\u00e4higkeit, finanziellen Lage, Gesundheit, pers\u00f6nlichen Vorlieben, Interessen, Zuverl\u00e4ssigkeit, ihres Verhaltens, Aufenthaltsorts oder Ortswechsels zu bewerte, zu analysieren oder vorherzusagen. Das Profiling personenbezogener Daten durch uns besteht in der Verarbeitung personenbezogener Daten von Kunden oder Nutzern, sowohl automatisch als auch manuell, um deren pers\u00f6nliche Vorlieben und Interessen zu analysieren oder vorherzusagen, damit wir in der Lage sind, Dienstleistungen anzupassen und personalisierte Mitteilungen zu versenden. <strong>Im Falle eines automatisierten Profilings werden unter keinen Umst\u00e4nden automatisierte Einzelentscheidungen getroffen, die rechtliche Auswirkungen auf die betroffenen Personen haben oder sie in \u00e4hnlicher Weise erheblich beeintr\u00e4chtigen.<\/strong><\/p>\n<h2>7. Aufbewahrungszeitr\u00e4ume<\/h2>\n<ul>\n<li>Kunde: w\u00e4hrend der Dauer der Gesch\u00e4ftsbeziehung, entsprechend der gesetzlich vorgeschriebenen Fristen.<\/li>\n<li>Nutzer, der eine der angebotenen Kontaktmethoden genutzt hat: f\u00fcr die erforderliche Dauer der Bearbeitung der Anfrage.<\/li>\n<li>Marketing, auch auf elektronischem Wege: Die Daten werden solange gespeichert, wie keine Abmeldung von Marketing-Nachrichten vorliegt. Interessierte seien daran erinnert, dass sie sich jederzeit von Marken- und Marketingnachrichten abmelden k\u00f6nnen.<\/li>\n<\/ul>\n<h2>8. Rechte der Interessenten<\/h2>\n<p>Als betroffene Person k\u00f6nnen Sie Ihre Mitteilungen an uns richten und Ihre Rechte gem\u00e4\u00df den Formalit\u00e4ten der VERORDNUNG (EU) 2016\/679 DES EUROP\u00c4ISCHEN PARLAMENTS UND DES RATES vom 27. April 2016 zum Schutz nat\u00fcrlicher Personen bei der Verarbeitung personenbezogener Daten und zum freien Datenverkehr aus\u00fcben. Bei all unseren T\u00e4tigkeiten im Zusammenhang mit Ihrer Privatsph\u00e4re sind wir bestrebt, die geltenden Rechtsvorschriften einzuhalten, die eine Reihe von Rechten f\u00fcr Sie als betroffene Person enthalten, die im Folgenden aufgef\u00fchrt sind:<\/p>\n<table>\n<tbody>\n<tr>\n<th><strong>Ihre Rechte<\/strong><\/th>\n<th><strong>Was bedeutet das?<\/strong><\/th>\n<\/tr>\n<tr>\n<td><strong>Informationsrecht<\/strong><\/td>\n<td>Sie haben das Recht auf klare, pr\u00e4zise, transparente und leicht verst\u00e4ndliche Informationen dar\u00fcber, wie wir Ihre personenbezogenen Daten verwenden und welche Rechte Sie haben.<\/td>\n<\/tr>\n<tr>\n<td><strong>Zugriffsrecht<\/strong><\/td>\n<td>Sie haben das innerhalb gewisser Grenzen Recht auf Zugang zu Ihren pers\u00f6nlichen Daten. Offensichtlich unbegr\u00fcndete, \u00fcbertriebene oder sich wiederholende Antr\u00e4ge k\u00f6nnen abgelehnt werden.<\/td>\n<\/tr>\n<tr>\n<td><strong>Recht auf Berichtigung<\/strong><\/td>\n<td>Sie haben ein Recht darauf, dass Ihre personenbezogenen Daten berichtigt werden, wenn sie unrichtig oder nicht mehr g\u00fcltig sind, oder dass sie vervollst\u00e4ndigt werden, wenn sie unvollst\u00e4ndig sind.<\/td>\n<\/tr>\n<tr>\n<td><strong>Recht auf L\u00f6schung\/Recht auf Vergessenwerden<\/strong><\/td>\n<td>In bestimmten F\u00e4llen haben Sie das Recht, die L\u00f6schung Ihrer personenbezogenen Daten zu verlangen. Es sei darauf hingewiesen, dass es sich hierbei nicht um ein absolutes Recht handelt, da wir rechtliche oder legitime Gr\u00fcnde f\u00fcr die Aufbewahrung der Daten haben k\u00f6nnen.<\/td>\n<\/tr>\n<tr>\n<td><strong>Recht auf Widerspruch gegen den Erhalt von Werbung<\/strong><\/td>\n<td>Sie k\u00f6nnen sich jederzeit von unseren Marketingmitteilungen abmelden. Am einfachsten melden Sie sich ab, indem Sie in einer beliebigen von uns an Sie geschickten E-Mail oder Mitteilung auf den Link &#8220;Abmelden&#8221; klicken. Sie k\u00f6nnen uns auch eine E-Mail an <a href=\"mailto:gdpr@wolsttoncoffee.com\">gdpr@wolsttoncoffee.com<\/a> schicken.<\/td>\n<\/tr>\n<tr>\n<td><strong>Recht auf jederzeitigen Widerruf der Einwilligung, falls die Datenverarbeitung auf einer Einwilligung beruht<\/strong><\/td>\n<td>F\u00fcr den Fall, dass Sie Ihre Einwilligung f\u00fcr einen der oben genannten Verarbeitungszwecke gegeben haben, informieren wir Sie dar\u00fcber, dass Sie das Recht haben, Ihre Einwilligung jederzeit zu widerrufen, ohne dass dies die Rechtm\u00e4\u00dfigkeit der auf der Einwilligung beruhenden Verarbeitung vor deren Widerruf ber\u00fchrt.<\/td>\n<\/tr>\n<tr>\n<td><strong>Recht auf Widerspruch gegen die Verarbeitung auf der Grundlage von berechtigten Interessen<\/strong><\/td>\n<td>Sie k\u00f6nnen jederzeit Widerspruch gegen die Verarbeitung Ihrer Daten einlegen, wenn diese auf der Ber\u00fccksichtigung berechtigter Interessen beruht.<\/td>\n<\/tr>\n<tr>\n<td><strong>Recht auf Beschwerde bei einer Aufsichtsbeh\u00f6rde<\/strong><\/td>\n<td>Wir informieren Sie auch dar\u00fcber, dass Sie eine Beschwerde bei der Aufsichtsbeh\u00f6rde einreichen k\u00f6nnen, wenn Sie mit der Aus\u00fcbung Ihrer Rechte oder der Art und Weise, wie diese ausge\u00fcbt werden, nicht einverstanden sind. Wenn Sie weitere Informationen \u00fcber dieses Recht und seine Aus\u00fcbung w\u00fcnschen, k\u00f6nnen Sie sich an die spanische Datenschutzbeh\u00f6rde wenden: <a href=\"http:\/\/www.aepd.es\">www.aepd.es<\/a> Tel. (+34) 901 100 099 und (+34) 91 266 35 17. C\/Jorge Juan, 6 28001 Madrid.<\/td>\n<\/tr>\n<tr>\n<td><strong>Recht auf Daten\u00fcbertragbarkeit<\/strong><\/td>\n<td>Sie haben das Recht, die Sie betreffenden personenbezogenen Daten, die Sie uns zur Verf\u00fcgung gestellt haben, in einem strukturierten, g\u00e4ngigen und maschinenlesbaren Format zu erhalten, damit sie an einen anderen f\u00fcr die Verarbeitung Verantwortlichen \u00fcbermittelt werden k\u00f6nnen, sofern die Verarbeitung auf der Erf\u00fcllung eines Vertrags oder auf Ihrer Einwilligung beruht und die Verarbeitung mithilfe automatisierter Verfahren erfolgt.<\/td>\n<\/tr>\n<tr>\n<td><strong>Recht auf Einschr\u00e4nkung der Verarbeitung<\/strong><\/td>\n<td>Sie haben das Recht, die Einschr\u00e4nkung der Verarbeitung Ihrer Daten zu erwirken, wobei es zwei M\u00f6glichkeiten gibt, dieses Recht auszu\u00fcben:<\/p>\n<ul>\n<li>Wenn die Richtigkeit der personenbezogenen Daten bestritten und ein Zeitraum eingehalten wird, der es dem f\u00fcr die Verarbeitung Verantwortlichen erm\u00f6glicht, die Daten zu \u00fcberpr\u00fcfen.<\/li>\n<li>Wenn gegen die Verarbeitung der personenbezogenen Daten durch den f\u00fcr die Verarbeitung Verantwortlichen auf Grundlage eines berechtigten Interesses oder im \u00f6ffentlichen Interesse Widerspruch eingelegt wurde, w\u00e4hrend der f\u00fcr die Verarbeitung Verantwortliche pr\u00fcft, ob diese Gr\u00fcnde seine eigenen \u00fcberwiegen.<\/li>\n<\/ul>\n<p>Bitten Sie den f\u00fcr die Datenverarbeitung Verantwortlichen, Ihre Daten aufzubewahren:<\/p>\n<ul>\n<li>Wenn die Verarbeitung unrechtm\u00e4\u00dfig ist und der L\u00f6schung der Daten widersprochen und stattdessen die Einschr\u00e4nkung ihrer Verwendung verlangt wurde.<\/li>\n<li>Bei durch den Verantwortlichen nicht mehr ben\u00f6tigten personenbezogenen Daten zum Zweck der Verarbeitung und gleichzeitigem Interesse der betroffenen Person f\u00fcr Geltendmachung, Aus\u00fcbung oder Verteidigung von Rechtsanspr\u00fcchen.<\/li>\n<\/ul>\n<\/td>\n<\/tr>\n<\/tbody>\n<\/table>\n<p>Wie k\u00f6nnen Sie Ihre Datenschutzrechte wahrnehmen? Um Ihre Rechte auszu\u00fcben, k\u00f6nnen Sie sich an gdpr@wolsttoncoffee.com wenden und in der Betreffzeile &#8220;GDPR-Rechte&#8221; oder etwas \u00c4hnliches angeben. Sie m\u00fcssen angeben, welche Rechte Sie geltend machen wollen. Sie k\u00f6nnen daf\u00fcr ein offizielles Formular der Spanischen Datenschutzbeh\u00f6rde verwenden: <a href=\"https:\/\/www.aepd.es\/es\/derechos-y-deberes\/conoce-tus-derechos\">https:\/\/www.aepd.es\/es\/derechos-y-deberes\/conoce-tus-derechos<\/a><\/p>\n<h2>9. Sicherheit<\/h2>\n<p>Die getroffenen Sicherheitsma\u00dfnahmen entsprechen den Bestimmungen in Artikel 32 der Datenschutz-Grundverordnung (GDPR). In diesem Zusammenhang hat der f\u00fcr die Verarbeitung Verantwortliche unter Ber\u00fccksichtigung des Stands der Technik, der Implementierungskosten und der Art, des Umfangs, der Umst\u00e4nde und der Zwecke der Verarbeitung sowie der unterschiedlich wahrscheinlichen und schwerwiegenden Risiken f\u00fcr die Rechte und Freiheiten nat\u00fcrlicher Personen die geeigneten technischen und organisatorischen Ma\u00dfnahmen getroffen, um ein dem bestehenden Risiko angemessenes Sicherheitsniveau zu gew\u00e4hrleisten. Der f\u00fcr die Verarbeitung Verantwortliche verf\u00fcgt \u00fcber ausreichende Mechanismen, um:<\/p>\n<ul>\n<li>Gew\u00e4hrleistung der dauerhaften Vertraulichkeit, Integrit\u00e4t, Verf\u00fcgbarkeit und Belastbarkeit der Verarbeitungssysteme und -dienste.<\/li>\n<li>Schnelle Wiederherstellung von Verf\u00fcgbarkeit und Zugriff auf personenbezogene Daten im Falle eines physischen oder technischen Zwischenfalls.<\/li>\n<li>Regelm\u00e4\u00dfige \u00dcberpr\u00fcfung, Bewertung und Beurteilung der Wirksamkeit aller technischen und organisatorischen Ma\u00dfnahmen zur Gew\u00e4hrleistung der Sicherheit der Verarbeitung.<\/li>\n<li>Wo n\u00f6tig: Pseudonymisierung und Verschl\u00fcsselung personenbezogener Daten.<\/li>\n<\/ul>\n<h2>10. Soziale Netzwerke<\/h2>\n<p>Fans oder Follower in den verschiedenen sozialen Netzwerken sollten im Zusammenhang mit dieser Verarbeitung bedenken, dass der f\u00fcr die Verarbeitung Verantwortliche ihre Daten nur eingeschr\u00e4nkt einsehen oder l\u00f6schen kann, da sie ein spezifisches Profil haben. Jede Berichtigung Ihrer Daten oder Einschr\u00e4nkung von Informationen oder Ver\u00f6ffentlichungen muss \u00fcber die Konfiguration Ihres Profils oder Benutzers in dem sozialen Netzwerk selbst erfolgen. Die Fans\/Follower stimmen also zu:<\/p>\n<ul>\n<li>Zur Verarbeitung der personenbezogenen Daten im Umfeld des<br \/>\nsozialen Netzwerks und in \u00dcbereinstimmung mit dessen eigenen<br \/>\nDatenschutzrichtlinien.<\/li>\n<li>Zugriff des f\u00fcr die Verarbeitung Verantwortlichen auf die im Nutzerprofil oder in der Biografie enthaltenen Daten, je nach Datenschutzeinstellungen im jeweiligen sozialen Netzwerk.<\/li>\n<li>Nachrichten \u00fcber unsere Veranstaltungen, Neuigkeiten oder unsere Kommentare d\u00fcrfen auf der Pinnwand oder in der Biografie des Nutzers erscheinen.<\/li>\n<li>Falls ein speziell f\u00fcr Werbe- oder andere Zwecke erstelltes Formular verwendet wird, werden die erhobenen Daten gem\u00e4\u00df der Datenschutzpolitik des f\u00fcr die Verarbeitung Verantwortlichen verarbeitet.<\/li>\n<\/ul>\n<p>Wenn Sie uns nicht mehr folgen wollen, klicken Sie einfach auf die Option\u00a0<strong>\u201cNicht mehr abonnieren\u201d<\/strong>\u00a0o\u00a0<strong>\u201cNicht mehr folgen\u201d<\/strong> oder \u00c4hnliches.<\/p>\n","protected":false},"excerpt":{"rendered":"<p>1. Identifizierung des f\u00fcr die Datenverarbeitung Verantwortlichen Gem\u00e4\u00df den Bestimmungen der VERORDNUNG (EU) 2016\/679 DES EUROP\u00c4ISCHEN PARLAMENTS UND DES RATES vom 27. April 2016 zum [&hellip;]<\/p>\n","protected":false},"author":1,"featured_media":0,"parent":0,"menu_order":0,"comment_status":"closed","ping_status":"closed","template":"template-pages\/page-legal.php","meta":{"footnotes":""},"class_list":["post-1309","page","type-page","status-publish","hentry"],"acf":[],"_links":{"self":[{"href":"https:\/\/www.wolsttoncoffee.com\/de\/wp-json\/wp\/v2\/pages\/1309","targetHints":{"allow":["GET"]}}],"collection":[{"href":"https:\/\/www.wolsttoncoffee.com\/de\/wp-json\/wp\/v2\/pages"}],"about":[{"href":"https:\/\/www.wolsttoncoffee.com\/de\/wp-json\/wp\/v2\/types\/page"}],"author":[{"embeddable":true,"href":"https:\/\/www.wolsttoncoffee.com\/de\/wp-json\/wp\/v2\/users\/1"}],"replies":[{"embeddable":true,"href":"https:\/\/www.wolsttoncoffee.com\/de\/wp-json\/wp\/v2\/comments?post=1309"}],"version-history":[{"count":7,"href":"https:\/\/www.wolsttoncoffee.com\/de\/wp-json\/wp\/v2\/pages\/1309\/revisions"}],"predecessor-version":[{"id":2569,"href":"https:\/\/www.wolsttoncoffee.com\/de\/wp-json\/wp\/v2\/pages\/1309\/revisions\/2569"}],"wp:attachment":[{"href":"https:\/\/www.wolsttoncoffee.com\/de\/wp-json\/wp\/v2\/media?parent=1309"}],"curies":[{"name":"wp","href":"https:\/\/api.w.org\/{rel}","templated":true}]}}