{"id":1315,"date":"2022-02-16T08:15:24","date_gmt":"2022-02-16T08:15:24","guid":{"rendered":"https:\/\/www.wolsttoncoffee.com\/terminos-y-condiciones-de-contratacion\/"},"modified":"2022-07-19T14:52:31","modified_gmt":"2022-07-19T12:52:31","slug":"allgemeine-geschaefts-und-vertragsbedingungen","status":"publish","type":"page","link":"https:\/\/www.wolsttoncoffee.com\/de\/allgemeine-geschaefts-und-vertragsbedingungen\/","title":{"rendered":"Allgemeine Gesch\u00e4fts- und Vertragsbedingungen"},"content":{"rendered":"<h2>I.- Annahme der Gesch\u00e4ftsbedingungen. Kundenservice<\/h2>\n<ol>\n<li>&#8211; Die folgenden Vertragsbedingungen regeln das Vertragsverh\u00e4ltnis zwischen dem Kunden\/Verbraucher und LAMMERMOOR S.L.U., CIF B85818268, mit Sitz in der Calle Sopelana N\u00ba9 Planta CH, Puerta 10 &#8211; 28023 Madrid, Spanien, im Folgenden <strong>WOLSTTON COFFEE<\/strong>. Es wird darum gebeten, sich dieses Dokument aufmerksam durchzulesen, bevor jegliche Operation im Online-Shop durchgef\u00fchrt wird.<\/li>\n<li>&#8211; Der Vertragsabschluss setzt voraus, dass der Kunde diese Allgemeinen Gesch\u00e4ftsbedingungen akzeptiert und sich zu ihrer Einhaltung verpflichtet. Die vom Kunden \u00fcber die Website aufgegebene Bestellung gilt wie ein Vertragsangebot. Der Inhalt dieser Allgemeinen Gesch\u00e4ftsbedingungen darf jederzeit ausgedruckt, von dieser Seite heruntergeladen und\/oder auf einem Speichermedium gespeichert werden. Die Originalsprache dieses Vertrags ist in jeglicher Hinsicht Spanisch.<\/li>\n<li>&#8211; Kundenservice: <a href=\"mailto:support@wolsttoncoffee.com\">support@wolsttoncoffee.com<\/a><\/li>\n<\/ol>\n<h2>II.- Gegenstand und territorialer Geltungsbereich<\/h2>\n<p><strong>WOLSTTON COFFEE<\/strong> ist ein auf den Verkauf von Kaffeekapseln spezialisierter H\u00e4ndler. Der Online-Shop operiert in Spanien und Europa.<\/p>\n<h2>III.- Anmeldung. Nutzername und Passwort<\/h2>\n<ol>\n<li>&#8211; Vollj\u00e4hrige Personen, die \u00fcber 18 Jahre alt sind, k\u00f6nnen sich im Online Shop g\u00fcltig registrieren und dort einkaufen.<\/li>\n<li>&#8211; Um sich zu registrieren, muss der Kunde das Anmeldeformular mit g\u00fcltigen, vollst\u00e4ndigen und wahrheitsgem\u00e4\u00dfen Angaben ausf\u00fcllen. &#8211; Um sich zu registrieren, muss der Kunde das Anmeldeformular mit g\u00fcltigen, vollst\u00e4ndigen und wahrheitsgem\u00e4\u00dfen Angaben ausf\u00fcllen. Es ist verboten, Daten von Dritten oder Minderj\u00e4hrigen anzugeben.<\/li>\n<li>&#8211; Bei der Anmeldung w\u00e4hlt der Kunde ein individuelles Passwort aus, das ihm Zugang zu seinem Kundenkonto verschafft. Die Sicherheit und Geheimhaltung des Passworts obliegt alleine der Verantwortung des Kunden.<\/li>\n<li>&#8211; Der Kunde kann zu jedem Zeitpunkt auf sein Konto zugreifen und seine Daten ver\u00e4ndern, damit sie stets auf dem aktuellen Stand sind.<\/li>\n<\/ol>\n<h2>IV.-Kaufabwicklung<\/h2>\n<p>Das Kaufverfahren verl\u00e4uft wie folgt:<\/p>\n<ul>\n<li>Produktauswahl durch Anklicken des Buttons &#8220;Kaufen&#8221;. Das Produkt wird dem Warenkorb hinzugef\u00fcgt.<\/li>\n<li>Es m\u00fcssen Liefer- und Zahlungsmethoden angegeben werden.<\/li>\n<li>Nach Abschluss der Transaktion sieht der Kunde auf dem Bildschirm die Bestellungszusammenfassung einschlie\u00dflich der Versandkosten, mit der Bitte um Best\u00e4tigung des Kaufvorgangs.<\/li>\n<li>Der Kunde erh\u00e4lt eine Kaufbest\u00e4tigung per E-Mail.<\/li>\n<\/ul>\n<p>WOLSTTON COFFEE beh\u00e4lt sich das Recht vor, die vom Kunden eingereichte Bestellung nicht anzunehmen, insbesondere wenn Zweifel an der Identit\u00e4t oder den finanziellen Daten des Kunden bestehen.<\/p>\n<h2>V.- Preise und Versandkosten<\/h2>\n<p>Die bei den Produkten angegebenen Preise enthalten die Mehrwertsteuer. Die Versandkosten werden <strong>WOLSTTON COFFEE<\/strong> ab einem Einkaufswert von 45\u00a0\u20ac bei Bestellungen aus Spanien und 90\u00a0\u20ac bei Eink\u00e4ufen aus anderen L\u00e4ndern in Rechnung gestellt. Die Lieferkosten k\u00f6nnen je nach gew\u00e4hlter Versandart und Lieferort variieren. Die Zusammenfassung des Kaufs enth\u00e4lt diese Kosten.<\/p>\n<h2>VI. Zahlungsmethode<\/h2>\n<p>Im Folgenden finden sich die Zahlungsmittel:<\/p>\n<ul>\n<li>Kreditkarten.<\/li>\n<li>PayPal.<\/li>\n<li>Apple Pay.<\/li>\n<li>Bizum.<\/li>\n<\/ul>\n<h2>VII. Versand und Lieferung<\/h2>\n<ol>\n<li>&#8212; Der Kunde wird \u00fcber die Anzahl der Tage informiert, die f\u00fcr die Lieferung und Ausf\u00fchrung des Auftrags erforderlich sind. Das ungef\u00e4hre Lieferdatum wird beim Kaufabschluss angegeben und in Werktagen berechnet. Die Lieferzeitpunkte sind lediglich Ann\u00e4herungswerte.<\/li>\n<li>&#8211; Die Lieferung erfolgt so schnell wie m\u00f6glich, sp\u00e4testens jedoch drei\u00dfig Tage nach Abschluss des Kaufvertrags. Die Lieferung der Produkte erfolgt durch einen Drittanbieter.<\/li>\n<li>&#8211; Die Produkte werden dem Kunden von dem Lieferanten an die auf dem Bestellschein angegebene Postanschrift geliefert. Die Versandbest\u00e4tigung wird an die vom Kunden angegebene E-Mail-Adresse gesendet.<\/li>\n<li>&#8211; Der Kunde muss das Paket nach der Lieferung in angemessener Weise untersuchen und etwaige M\u00e4ngel melden. Der Kunde darf kein Produkt entgegennehmen, dessen Verpackung deutliche M\u00e4ngel aufweist. Setzen Sie sich mit <strong>WOLSTTON COFFEE<\/strong> in Verbindung, falls Sie Zweifel an der Unversehrtheit des Pakets haben sollten.<\/li>\n<\/ol>\n<h2>VIII. Abos<\/h2>\n<p>Der Nutzer kann sich f\u00fcr ein Abo-System entscheiden und anmelden, um bestimmte Produkte in der ausgew\u00e4hlten Frequenz zu erhalten. Die hierf\u00fcr akzeptierte Zahlungsmethode ist eine Kredit- oder Debitkarte, von der der entsprechende Betrag automatisch abgebucht wird. Der Nutzer kann sich jederzeit von diesem Abo abmelden, indem er sich an <a href=\"mailto:support@wolsttoncoffee.com\">support@wolsttoncoffee.com<\/a> wendet.<\/p>\n<h2>IX. R\u00fccktrittsrecht. Konsequenzen<\/h2>\n<ol>\n<li>&#8211; Der Kunde hat das Recht, vom Vertrag zur\u00fcckzutreten. Das schlie\u00dft das Recht des Kunden ein, den Vertrag zu k\u00fcndigen, indem er <strong>WOLSTTON COFFEE<\/strong> innerhalb der f\u00fcr die Aus\u00fcbung dieses Rechts festgelegten Frist benachrichtigt, ohne seine Entscheidung rechtfertigen zu m\u00fcssen und ohne irgendeine Strafe daf\u00fcr zu erwarten. Das Widerrufsrecht besteht <strong>nicht<\/strong> bei versiegelten Waren, die aus Gr\u00fcnden des Hygiene- oder Gesundheitsschutzes nicht zur R\u00fcckgabe geeignet sind und <strong>deren Versiegelung nach der Lieferung entfernt wurde<\/strong>.<\/li>\n<li>&#8211; Die Frist f\u00fcr die Aus\u00fcbung dieses Rechts betr\u00e4gt 14 Kalendertage ab dem Datum des Erhalts des gekauften Produkts (durch den Kunden oder durch einen vom Kunden angegebenen Dritten). Im Falle mehrerer Produkte, die Teil derselben Bestellung sind, aber getrennt geliefert wurden, werden 14 Kalendertage ab dem Erhalt des letzten Produkts gerechnet.<\/li>\n<li>&#8211; Die Aus\u00fcbung dieses Rechts hat zur Folge, dass die Parteien einander die Leistungen (Artikel 1.303 und 1.308 des Spanischen B\u00fcrgerlichen Gesetzbuches) zur\u00fcckerstatten m\u00fcssen, die sich aus den Verpflichtungen ergeben, die zum Zeitpunkt des Kaufvertragsabschlusses eingegangen wurden (d. h. die Lieferung des Produkts und Zahlung des Preises).<\/li>\n<li>&#8211; Aus\u00fcbung des Rechts:\n<ul>\n<li>Der Kunde muss seine R\u00fccktrittsentscheidung durch eine ausdr\u00fcckliche Erkl\u00e4rung mitteilen.<\/li>\n<li>Der Kunde muss seine R\u00fccktrittsentscheidung durch eine ausdr\u00fcckliche Erkl\u00e4rung mitteilen. Dieses Recht kann der Kunde in unserem Bereich \u201c<a href=\"https:\/\/www.wolsttoncoffee.com\/de\/rueckgabe-und-widerruf\/\">R\u00fcckgaben und Stornierungen<\/a>\u201d aus\u00fcben. In diesen F\u00e4llen wird <strong>WOLSTTON COFFEE<\/strong> dem Kunden die Empfangsbest\u00e4tigung des Widerrufs (per E-Mail) mitteilen.<\/li>\n<li>Die Mitteilung \u00fcber die Aus\u00fcbung des Widerrufsrechts durch den Kunden muss vor Ablauf der vorgenannten Frist von 14 Kalendertagen geschehen.<\/li>\n<li><strong>WOLSTTON COFFEE<\/strong> erstattet alle geleisteten Zahlungen, einschlie\u00dflich der Lieferkosten, es sei denn, der Kunde hat ausdr\u00fccklich nicht die kosteng\u00fcnstigste Standardlieferung gew\u00e4hlt; in diesem Fall ist <strong>WOLSTTON COFFEE<\/strong> nicht verpflichtet, die dadurch entstehenden Mehrkosten zu erstatten.<\/li>\n<li>Der Betrag ist so schnell wie m\u00f6glich, sp\u00e4testens jedoch 14 Kalendertage nach dem Tag, an dem der Kunde seine Entscheidung, vom Vertrag zur\u00fcckzutreten, mitgeteilt hat, an den Kunden zu zahlen.<\/li>\n<li>Die Erstattung erfolgt auf demselben Zahlungsweg, es sei denn, der Kunde hat ausdr\u00fccklich anders entschieden, und unter der Voraussetzung, dass dem Kunden durch die Erstattung keine Kosten entstehen.<\/li>\n<li><strong>WOLSTTON COFFEE<\/strong> kann die R\u00fcckzahlung<br \/>\nverw<strong>WOLSTTON COFFEE<\/strong> kann die R\u00fcckzahlung verweigern, bis die Waren zur\u00fcckerhalten wurden oder bis der Kunde den Nachweis \u00fcber die R\u00fccksendung der Waren erbracht hat, je nachdem, was zuerst eintritt.<\/li>\n<li>Der Kunde muss das gekaufte Produkt\/die gekauften Produkte gem\u00e4\u00df dem beschriebenen Verfahren innerhalb von 14 Tagen ab dem Datum, an dem der Widerruf mitgeteilt wurde, zur\u00fcckgeben.<\/li>\n<li>Die Kosten f\u00fcr die R\u00fccksendung, die sich aus der Aus\u00fcbung des Widerrufsrechts ergeben, gehen zu Lasten des Kunden.<\/li>\n<\/ul>\n<\/li>\n<\/ol>\n<h2>X.- Garantiezeitraum und Kundenservice<\/h2>\n<p>Das Vorstehende steht der Anwendung der Bestimmungen von TITEL IV Garantien und Kundendienst des K\u00f6niglichen Gesetzesdekrets 1\/2007 vom 16. November, mit dem das Allgemeine Gesetz zum Schutz von Verbrauchern und Nutzern und andere erg\u00e4nzende Gesetze verabschiedet werden, nicht entgegen. Wenn Sie einen Fehler an dem gekauften Produkt feststellen oder eine Nichtkonformit\u00e4t im Sinne des Vorstehenden vorliegt, wenden Sie sich bitte an orders@wolsttoncoffee.com und geben Sie den Vorfall\/Mangel an, damit Sie Ihr Recht aus\u00fcben k\u00f6nnen. Wenn bei der Lieferung der Bestellung ein Fehler aufgetreten ist oder die Bestellung besch\u00e4digt wurde, ist die R\u00fccksendung kostenlos.<\/p>\n<h2>XI.- Schutz der personenbezogenen Daten<\/h2>\n<p>Werden personenbezogene Daten angefordert, so werden diese gem\u00e4\u00df der Verordnung (EU) 2016\/679 des Europ\u00e4ischen Parlaments und des Rates vom 27. April 2016 zum Schutz nat\u00fcrlicher Personen bei der Verarbeitung personenbezogener Daten und zum freien Datenverkehr (GDPR) erhoben und verarbeitet. F\u00fcr weitere Informationen konsultieren Sie bitte unsere <a href=\"https:\/\/www.wolsttoncoffee.com\/de\/datenschutzbestimmungen\/\">Datenschutzbestimmungen<\/a>.<br \/>\nJegliche \u00c4nderungen dieser Allgemeinen Gesch\u00e4fts- und Vertragsbedingungen durch <strong>WOLSTTON COFFEE<\/strong> werden auf der Website bekannt gegeben. Diese \u00c4nderungen treten innerhalb von 7 Tagen nach dem Datum der Ver\u00f6ffentlichung in Kraft. Alle Auftr\u00e4ge, die vor dem Datum des Inkrafttretens einer neuen Fassung der Allgemeinen Gesch\u00e4fts- und Vertragsbedingungen eingegangen sind, werden auf der Grundlage der zum Zeitpunkt der Bestellung geltenden Allgemeinen Gesch\u00e4fts- und Vertragsbedingungen ausgef\u00fchrt.<\/p>\n<h2>XIII. &#8211; Anwendbares Recht, Online-Streitbeilegung und<br \/>\nGerichtsbarkeit<\/h2>\n<ol>\n<li>&#8211; Die Allgemeinen Gesch\u00e4ftsbedingungen, die die Beziehung zwischen <strong>WOLSTTON COFFEE<\/strong> und dem Kunden regeln, unterliegen dem spanischen Recht.<\/li>\n<li>&#8211; Im Falle eines Konfliktes kann der Kunde den Online-Streitbeilegungsdienst unter folgender Adresse nutzen: <a href=\"https:\/\/ec.europa.eu\/consumers\/odr\/main\/index.cfm?event=main.home2.show&amp;lng=ES\">https:\/\/ec.europa.eu\/consumers\/odr\/main\/index.cfm?event=main.home2.show&amp;lng=ES<\/a>.<\/li>\n<li>&#8211; Unbeachtet des Vorstehenden sind die Gerichte am Wohnsitz des Kunden zust\u00e4ndig f\u00fcr die Beilegung von Streitigkeiten, die zwischen dem Kunden, der als Verbraucher handelt, und <strong>WOLSTTON COFFEE<\/strong> entstehen.<\/li>\n<\/ol>\n<h2>XIV.- Inkrafttreten der Allgemeinen Gesch\u00e4ftsbedingungen<\/h2>\n<p>Die hier vorliegenden Bedingungen treten im Februar 2022 in Kraft.<\/p>\n","protected":false},"excerpt":{"rendered":"<p>I.- Annahme der Gesch\u00e4ftsbedingungen. Kundenservice &#8211; Die folgenden Vertragsbedingungen regeln das Vertragsverh\u00e4ltnis zwischen dem Kunden\/Verbraucher und LAMMERMOOR S.L.U., CIF B85818268, mit Sitz in der Calle [&hellip;]<\/p>\n","protected":false},"author":1,"featured_media":0,"parent":0,"menu_order":0,"comment_status":"closed","ping_status":"closed","template":"template-pages\/page-legal.php","meta":{"footnotes":""},"class_list":["post-1315","page","type-page","status-publish","hentry"],"acf":[],"_links":{"self":[{"href":"https:\/\/www.wolsttoncoffee.com\/de\/wp-json\/wp\/v2\/pages\/1315","targetHints":{"allow":["GET"]}}],"collection":[{"href":"https:\/\/www.wolsttoncoffee.com\/de\/wp-json\/wp\/v2\/pages"}],"about":[{"href":"https:\/\/www.wolsttoncoffee.com\/de\/wp-json\/wp\/v2\/types\/page"}],"author":[{"embeddable":true,"href":"https:\/\/www.wolsttoncoffee.com\/de\/wp-json\/wp\/v2\/users\/1"}],"replies":[{"embeddable":true,"href":"https:\/\/www.wolsttoncoffee.com\/de\/wp-json\/wp\/v2\/comments?post=1315"}],"version-history":[{"count":7,"href":"https:\/\/www.wolsttoncoffee.com\/de\/wp-json\/wp\/v2\/pages\/1315\/revisions"}],"predecessor-version":[{"id":2572,"href":"https:\/\/www.wolsttoncoffee.com\/de\/wp-json\/wp\/v2\/pages\/1315\/revisions\/2572"}],"wp:attachment":[{"href":"https:\/\/www.wolsttoncoffee.com\/de\/wp-json\/wp\/v2\/media?parent=1315"}],"curies":[{"name":"wp","href":"https:\/\/api.w.org\/{rel}","templated":true}]}}