{"id":2304,"date":"2022-04-06T08:59:09","date_gmt":"2022-04-06T08:59:09","guid":{"rendered":"https:\/\/www.wolsttoncoffee.com\/?page_id=2304"},"modified":"2022-04-07T14:12:30","modified_gmt":"2022-04-07T14:12:30","slug":"faqs","status":"publish","type":"page","link":"https:\/\/www.wolsttoncoffee.com\/de\/faqs\/","title":{"rendered":"FAQs"},"content":{"rendered":"<h3><strong>Mit welchen Kaffeemaschinen sind die Kapseln von Wolstton Coffee kompatibel?<\/strong><\/h3>\n<p>Die Kapseln von Wolstton Coffee sind mit den Nespresso\u00ae-Original-Systemen kompatibel. Sie sind u. a. NICHT kompatibel mit den Systemen Nespresso\u00ae Vertuoline, Nespresso\u00ae Professional, Keurig, Tassimo, Dolce Gusto oder Lavazza. Bitte setzen Sie sich zu weiteren Fragen via <a href=\"mailto:hello@wolsttoncoffee.com\">hello@wolsttoncoffee.com<\/a> mit uns in Verbindung.<\/p>\n<h3><strong>Wie bewahre ich die Kapseln von Wolstton Coffee am besten auf?<\/strong><\/h3>\n<p>Vorzugsweise in der Verpackung an einem trockenen, k\u00fchlen Ort. Bitte nicht im K\u00fchlschrank oder an Orten mit Temperaturen \u00fcber 35 \u00b0C aufbewahren.<\/p>\n<h3><strong>Was mache ich mit den benutzten Kapseln?<\/strong><\/h3>\n<p>Diese k\u00f6nnen direkt im Biom\u00fcll entsorgt werden.<\/p>\n<h3><strong>Aus welchen L\u00e4ndern kann ich bei Wolstton Coffee bestellen?<\/strong><\/h3>\n<p>Der Online-Shop von Wolstton Coffee ist von Spanien und Europa aus erreichbar. Bitte setzen Sie sich zu weiteren Fragen via hello@wolsttoncoffee.com mit uns in Verbindung.<\/p>\n<h3><strong>Wie kann ich meine Bestellung bezahlen?<\/strong><\/h3>\n<p>\u00dcber vier verschiedene Kan\u00e4le: Kreditkarte, PayPal, Apple Pay oder Bizum.<\/p>\n<h3><strong>Ich habe keine E-Mail zur Kaufbest\u00e4tigung erhalten, was mache ich jetzt?<\/strong><\/h3>\n<p>\u00dcberpr\u00fcfen Sie zuerst den Spam-Ordner ihres E-Mail-Programms. Falls Ihre Kaufbest\u00e4tigung wirklich nicht eingetroffen sein sollte, setzen Sie sich mit uns via hello@wolsttoncoffee.com in Kontakt. Wir finden eine L\u00f6sung.<\/p>\n<p>Wenn Sie eine Frage haben, die nicht in diesen FAQ abgedeckt wurde, kontaktieren Sie uns bitte per E-Mail an <a href=\"mailto:hello@wolsttoncoffee.com\" style=\"text-decoration: underline;\">hello@wolsttoncoffee.com<\/a><\/p>\n","protected":false},"excerpt":{"rendered":"<p>Mit welchen Kaffeemaschinen sind die Kapseln von Wolstton Coffee kompatibel? Die Kapseln von Wolstton Coffee sind mit den Nespresso\u00ae-Original-Systemen kompatibel. Sie sind u. a. NICHT [&hellip;]<\/p>\n","protected":false},"author":53,"featured_media":0,"parent":0,"menu_order":0,"comment_status":"closed","ping_status":"closed","template":"template-pages\/page-legal.php","meta":{"footnotes":""},"class_list":["post-2304","page","type-page","status-publish","hentry"],"acf":[],"_links":{"self":[{"href":"https:\/\/www.wolsttoncoffee.com\/de\/wp-json\/wp\/v2\/pages\/2304","targetHints":{"allow":["GET"]}}],"collection":[{"href":"https:\/\/www.wolsttoncoffee.com\/de\/wp-json\/wp\/v2\/pages"}],"about":[{"href":"https:\/\/www.wolsttoncoffee.com\/de\/wp-json\/wp\/v2\/types\/page"}],"author":[{"embeddable":true,"href":"https:\/\/www.wolsttoncoffee.com\/de\/wp-json\/wp\/v2\/users\/53"}],"replies":[{"embeddable":true,"href":"https:\/\/www.wolsttoncoffee.com\/de\/wp-json\/wp\/v2\/comments?post=2304"}],"version-history":[{"count":3,"href":"https:\/\/www.wolsttoncoffee.com\/de\/wp-json\/wp\/v2\/pages\/2304\/revisions"}],"predecessor-version":[{"id":2350,"href":"https:\/\/www.wolsttoncoffee.com\/de\/wp-json\/wp\/v2\/pages\/2304\/revisions\/2350"}],"wp:attachment":[{"href":"https:\/\/www.wolsttoncoffee.com\/de\/wp-json\/wp\/v2\/media?parent=2304"}],"curies":[{"name":"wp","href":"https:\/\/api.w.org\/{rel}","templated":true}]}}