{"id":1993,"date":"2021-05-20T10:43:51","date_gmt":"2021-05-20T10:43:51","guid":{"rendered":"https:\/\/www.wolsttoncoffee.com\/product\/baltra\/"},"modified":"2026-02-26T09:52:00","modified_gmt":"2026-02-26T08:52:00","slug":"baltra","status":"publish","type":"product","link":"https:\/\/www.wolsttoncoffee.com\/de\/cafeencapsulas\/baltra\/","title":{"rendered":"Baltra"},"content":{"rendered":"<p>Die Eigenschaften von Baltra spiegeln alle Werte von Wolstton Coffee wider. Hergestellt aus Kaffee von den Galapagosinseln, verf\u00fcgt er \u00fcber einen zarten Hauch der Sorte Gesha. Gesha erg\u00e4nzt die reinen Eigenschaften des Kaffees um Sanftheit und leichte S\u00e4ure. Au\u00dferdem verleiht er ihm sein ganz spezielles Aroma.Es ist zweifelsohne seine Herkunft, die diesen Kaffee so besonders macht. Das Klima der Galapagosinseln, der vulkanische Ursprung der B\u00f6den und die Kombination von N\u00e4hrstoffen, die von den Meeresstr\u00f6mungen in diesem Gebiet geliefert werden, bringen einen einzigartigen, authentischen Kaffee h\u00f6chster Qualit\u00e4t hervor.<\/p>\n","protected":false},"excerpt":{"rendered":"<p>Blend aus Specialty Coffee von den Galapagosinseln und einem leichten Touch der Sorte Gesha. Baltra vereint alle Werte von Wolstton Coffee.<\/p>\n","protected":false},"featured_media":1116,"template":"","meta":[],"product_cat":[92],"product_tag":[],"class_list":["post-1993","product","type-product","status-publish","has-post-thumbnail","hentry","product_cat-sin-categorizar-de"],"acf":[],"_links":{"self":[{"href":"https:\/\/www.wolsttoncoffee.com\/de\/wp-json\/wp\/v2\/product\/1993","targetHints":{"allow":["GET"]}}],"collection":[{"href":"https:\/\/www.wolsttoncoffee.com\/de\/wp-json\/wp\/v2\/product"}],"about":[{"href":"https:\/\/www.wolsttoncoffee.com\/de\/wp-json\/wp\/v2\/types\/product"}],"wp:featuredmedia":[{"embeddable":true,"href":"https:\/\/www.wolsttoncoffee.com\/de\/wp-json\/wp\/v2\/media\/1116"}],"wp:attachment":[{"href":"https:\/\/www.wolsttoncoffee.com\/de\/wp-json\/wp\/v2\/media?parent=1993"}],"wp:term":[{"taxonomy":"product_cat","embeddable":true,"href":"https:\/\/www.wolsttoncoffee.com\/de\/wp-json\/wp\/v2\/product_cat?post=1993"},{"taxonomy":"product_tag","embeddable":true,"href":"https:\/\/www.wolsttoncoffee.com\/de\/wp-json\/wp\/v2\/product_tag?post=1993"}],"curies":[{"name":"wp","href":"https:\/\/api.w.org\/{rel}","templated":true}]}}