{"id":2044,"date":"2021-05-20T10:56:27","date_gmt":"2021-05-20T10:56:27","guid":{"rendered":"https:\/\/www.wolsttoncoffee.com\/product\/kirati\/"},"modified":"2026-02-26T10:06:22","modified_gmt":"2026-02-26T09:06:22","slug":"kirati","status":"publish","type":"product","link":"https:\/\/www.wolsttoncoffee.com\/de\/cafeencapsulas\/kirati\/","title":{"rendered":"Kirati"},"content":{"rendered":"<p>Diese Mischung besteht aus Bohnen von den Galapagosinseln und aus Nepal. Beide Sorten haben die Einzigartigkeit ihrer Herkunft gemeinsam: exotische L\u00e4nder und au\u00dfergew\u00f6hnliche klimatische Bedingungen, die unvergleichliche Kaffees mit eleganten und einmaligen geschmacklichen Eigenschaften hervorbringen. Inspiriert von der Spiritualit\u00e4t und der Zartheit der Natur, zelebriert Kirati das Besondere sowie eine sinnliche Ann\u00e4herung an das Wesentliche.<\/p>\n","protected":false},"excerpt":{"rendered":"<p>Blend aus Specialty Coffee von den Galapagosinseln und aus Nepal. Er stimuliert Ihre spirituelle, nat\u00fcrliche Seite.<\/p>\n","protected":false},"featured_media":1120,"template":"","meta":[],"product_cat":[92],"product_tag":[],"class_list":["post-2044","product","type-product","status-publish","has-post-thumbnail","hentry","product_cat-sin-categorizar-de"],"acf":[],"_links":{"self":[{"href":"https:\/\/www.wolsttoncoffee.com\/de\/wp-json\/wp\/v2\/product\/2044","targetHints":{"allow":["GET"]}}],"collection":[{"href":"https:\/\/www.wolsttoncoffee.com\/de\/wp-json\/wp\/v2\/product"}],"about":[{"href":"https:\/\/www.wolsttoncoffee.com\/de\/wp-json\/wp\/v2\/types\/product"}],"wp:featuredmedia":[{"embeddable":true,"href":"https:\/\/www.wolsttoncoffee.com\/de\/wp-json\/wp\/v2\/media\/1120"}],"wp:attachment":[{"href":"https:\/\/www.wolsttoncoffee.com\/de\/wp-json\/wp\/v2\/media?parent=2044"}],"wp:term":[{"taxonomy":"product_cat","embeddable":true,"href":"https:\/\/www.wolsttoncoffee.com\/de\/wp-json\/wp\/v2\/product_cat?post=2044"},{"taxonomy":"product_tag","embeddable":true,"href":"https:\/\/www.wolsttoncoffee.com\/de\/wp-json\/wp\/v2\/product_tag?post=2044"}],"curies":[{"name":"wp","href":"https:\/\/api.w.org\/{rel}","templated":true}]}}