{"id":2054,"date":"2021-05-20T11:07:35","date_gmt":"2021-06-04T12:26:44","guid":{"rendered":"https:\/\/www.wolsttoncoffee.com\/product\/mirovia\/"},"modified":"2026-02-26T09:30:41","modified_gmt":"2026-02-26T08:30:41","slug":"mirovia","status":"publish","type":"product","link":"https:\/\/www.wolsttoncoffee.com\/de\/cafeencapsulas\/mirovia\/","title":{"rendered":"Mirovia"},"content":{"rendered":"<p>Mirovia ist ein einzigartiges Erlebnis: eine Mischung von Kaffeesorten aus den 5 Kontinenten. M\u00f6glicherweise ist sie die einzige dieser Art. F\u00fcr die Herstellung wurde aus jedem Kontinent eine Kaffeesorte ausgesucht. Der europ\u00e4ische Kaffee stammt aus kleinen Anbaugebieten auf der Insel La Palma. F\u00fcr den Kontinent Amerika w\u00e4hlten wir die Galapagosinseln. F\u00fcr Asien entschieden wir uns f\u00fcr eine ganz besondere Sorte aus Sumatra.Afrika wird vertreten durch exquisite Bohnen aus Kenia. Und f\u00fcr Ozeanien, w\u00e4hlten wir einen Kaffee aus Papua-Neuguinea.<\/p>\n","protected":false},"excerpt":{"rendered":"<p>Blend composed of speciality coffees from the 5 continents: from the island of Palma, the Galapagos Islands, Sumatra, Kenya and Papua New Guinea. An invitation to taste the world.<\/p>\n","protected":false},"featured_media":1121,"template":"","meta":[],"product_cat":[92],"product_tag":[],"class_list":["post-2054","product","type-product","status-publish","has-post-thumbnail","hentry","product_cat-sin-categorizar-de"],"acf":[],"_links":{"self":[{"href":"https:\/\/www.wolsttoncoffee.com\/de\/wp-json\/wp\/v2\/product\/2054","targetHints":{"allow":["GET"]}}],"collection":[{"href":"https:\/\/www.wolsttoncoffee.com\/de\/wp-json\/wp\/v2\/product"}],"about":[{"href":"https:\/\/www.wolsttoncoffee.com\/de\/wp-json\/wp\/v2\/types\/product"}],"wp:featuredmedia":[{"embeddable":true,"href":"https:\/\/www.wolsttoncoffee.com\/de\/wp-json\/wp\/v2\/media\/1121"}],"wp:attachment":[{"href":"https:\/\/www.wolsttoncoffee.com\/de\/wp-json\/wp\/v2\/media?parent=2054"}],"wp:term":[{"taxonomy":"product_cat","embeddable":true,"href":"https:\/\/www.wolsttoncoffee.com\/de\/wp-json\/wp\/v2\/product_cat?post=2054"},{"taxonomy":"product_tag","embeddable":true,"href":"https:\/\/www.wolsttoncoffee.com\/de\/wp-json\/wp\/v2\/product_tag?post=2054"}],"curies":[{"name":"wp","href":"https:\/\/api.w.org\/{rel}","templated":true}]}}