{"id":2077,"date":"2021-05-20T11:05:23","date_gmt":"2021-05-20T11:05:23","guid":{"rendered":"https:\/\/www.wolsttoncoffee.com\/product\/aquenio\/"},"modified":"2026-02-26T09:58:10","modified_gmt":"2026-02-26T08:58:10","slug":"aquenio","status":"publish","type":"product","link":"https:\/\/www.wolsttoncoffee.com\/de\/cafeencapsulas\/aquenio\/","title":{"rendered":"Aquenio"},"content":{"rendered":"<p>Wolstton Aquenio ist wahrscheinlich einer der einzigartigsten entkoffeinierten Kaffees, die je kreiert wurden. Erstens ist er der einzige koffeinfreie Kaffee, der aus 5 Sorten von h\u00f6chster Qualit\u00e4t besteht: \u00c4thiopien, Sumatra, Mexiko, Guatemala und Brasilien. Dar\u00fcber hinaus wird er mit zwei nat\u00fcrlichen Entkoffeinierungsverfahren behandelt, dem Swiss-Water-Verfahren und dem Mountain Water Process. Beide kommen ohne die Verwendung chemischer Stoffe aus und nutzen Gebirgsquellwasser. Diese beiden Aspekte, die Zusammensetzung und das Koffeinextraktionsverfahren, ergeben eine Mischung aus Textur, F\u00fclle und Geschmack, die der hohen Qualit\u00e4t und der Einzigartigkeit der Marke Wolstton gerecht wird \u2013 aber ohne Koffein.<\/p>\n","protected":false},"excerpt":{"rendered":"<p>Einer der einzigartigsten koffeinfreien Kaffees, der je kreiert wurde. Er besteht aus Sorten aus \u00c4thiopien, Sumatra, Mexiko, Guatemala und Brasilien.<\/p>\n","protected":false},"featured_media":1117,"template":"","meta":[],"product_cat":[92],"product_tag":[],"class_list":["post-2077","product","type-product","status-publish","has-post-thumbnail","hentry","product_cat-sin-categorizar-de"],"acf":[],"_links":{"self":[{"href":"https:\/\/www.wolsttoncoffee.com\/de\/wp-json\/wp\/v2\/product\/2077","targetHints":{"allow":["GET"]}}],"collection":[{"href":"https:\/\/www.wolsttoncoffee.com\/de\/wp-json\/wp\/v2\/product"}],"about":[{"href":"https:\/\/www.wolsttoncoffee.com\/de\/wp-json\/wp\/v2\/types\/product"}],"wp:featuredmedia":[{"embeddable":true,"href":"https:\/\/www.wolsttoncoffee.com\/de\/wp-json\/wp\/v2\/media\/1117"}],"wp:attachment":[{"href":"https:\/\/www.wolsttoncoffee.com\/de\/wp-json\/wp\/v2\/media?parent=2077"}],"wp:term":[{"taxonomy":"product_cat","embeddable":true,"href":"https:\/\/www.wolsttoncoffee.com\/de\/wp-json\/wp\/v2\/product_cat?post=2077"},{"taxonomy":"product_tag","embeddable":true,"href":"https:\/\/www.wolsttoncoffee.com\/de\/wp-json\/wp\/v2\/product_tag?post=2077"}],"curies":[{"name":"wp","href":"https:\/\/api.w.org\/{rel}","templated":true}]}}