{"id":1306,"date":"2022-02-16T08:08:38","date_gmt":"2022-02-16T08:08:38","guid":{"rendered":"https:\/\/www.wolsttoncoffee.com\/politica-de-cookies\/"},"modified":"2022-04-05T08:09:41","modified_gmt":"2022-04-05T08:09:41","slug":"politique-sur-les-cookies","status":"publish","type":"page","link":"https:\/\/www.wolsttoncoffee.com\/fr\/politique-sur-les-cookies\/","title":{"rendered":"Politique sur les cookies"},"content":{"rendered":"<p>L&#8217;objectif de cette politique en mati\u00e8re de cookies est de fournir des informations claires et pr\u00e9cises sur les cookies utilis\u00e9s sur le site web. Identification du responsable du traitement&nbsp;:<\/p>\n<address>LAMMERMOOR S.L.U.<br \/>\nCIF B85818268<br \/>\nCalle Sopelana N\u00ba9 Planta CH, Puerta 10 &#8211; 28023 Madrid, Espa\u00f1a.<\/address>\n<p>Exercice du droit&nbsp;:<\/p>\n<ul>\n<li>Courrier \u00e9lectronique&nbsp;:&nbsp;<a href=\"mailto:gdpr@wolsttoncoffee.com\">gdpr@wolsttoncoffee.com<\/a><\/li>\n<\/ul>\n<h2>Que sont les cookies&nbsp;?<\/h2>\n<p>Un cookie est un petit fichier qui est automatiquement t\u00e9l\u00e9charg\u00e9 et install\u00e9 sur l&#8217;appareil de l&#8217;utilisateur par le biais de son navigateur (Internet Explorer, Firefox, Chrome, Safari, entre autres) lors de la visite d&#8217;un site web.<br \/>\nEn g\u00e9n\u00e9ral, ces technologies peuvent \u00eatre utilis\u00e9es \u00e0 des fins tr\u00e8s diverses, comme, par exemple, vous reconna\u00eetre en tant qu&#8217;utilisateur, obtenir des informations sur vos habitudes de navigation ou personnaliser l&#8217;affichage des contenus, etc.<\/p>\n<p>Les utilisations sp\u00e9cifiques que nous faisons de ces technologies sont d\u00e9crites ci-apr\u00e8s.<\/p>\n<h2>Classification et types de cookies utilis\u00e9s<\/h2>\n<p>Les cookies sont class\u00e9s en fonction de l&#8217;entit\u00e9 qui les g\u00e8re, en fonction de leur finalit\u00e9 et en fonction de la dur\u00e9e pendant laquelle ils restent actifs.<\/p>\n<ul>\n<li>Cookies par entit\u00e9 de gestion\n<ul>\n<li>Cookies obligatoires&nbsp;:&nbsp;il s&#8217;agit de cookies cr\u00e9\u00e9s par ce site web et qui ne peuvent \u00eatre lus que par le site lui-m\u00eame.<\/li>\n<li>Cookies tiers&nbsp;:&nbsp;ce sont ceux cr\u00e9es et g\u00e9r\u00e9s par d&#8217;autres entit\u00e9s, tels que des prestataires de services de publicit\u00e9, de personnalisation ou d&#8217;analyse, ces tiers pouvant nous communiquer des donn\u00e9es anonymes.<\/li>\n<\/ul>\n<\/li>\n<li>Cookies par objectif\n<ul>\n<li>Cookies strictement n\u00e9cessaires&nbsp;:&nbsp;ce sont ceux qui vous permettent de naviguer sur le site web et d&#8217;utiliser ses fonctions essentielles. Sans ces cookies, le site web ne peut fonctionner correctement. Des exemples de cookies strictement n\u00e9cessaires sont le contr\u00f4le du trafic et de la communication des donn\u00e9es, l&#8217;identification de la session, l&#8217;acc\u00e8s \u00e0 des zones restreintes, l&#8217;utilisation de dispositifs de s\u00e9curit\u00e9 pendant la navigation, etc.<\/li>\n<li>Cookies de pr\u00e9f\u00e9rence ou de personnalisation&nbsp;:&nbsp;ils permettent de m\u00e9moriser des informations afin que l&#8217;utilisateur puisse acc\u00e9der au service avec certaines caract\u00e9ristiques susceptibles de diff\u00e9rencier son exp\u00e9rience de celle des autres utilisateurs, comme, par exemple, la langue, la configuration r\u00e9gionale ou le type de navigateur.<\/li>\n<li>Cookies d&#8217;analyse ou de mesure&nbsp;:&nbsp;ils permettent \u00e0 la partie qui en est responsable de suivre et d&#8217;analyser le comportement des utilisateurs, l&#8217;analyse statistique de l&#8217;utilisation faite par les utilisateurs du service et la quantification de l&#8217;impact des publicit\u00e9s. Ils sont utilis\u00e9s pour mesurer l&#8217;activit\u00e9 du site web, de l&#8217;application ou de la plate-forme afin d&#8217;apporter des am\u00e9liorations bas\u00e9es sur l&#8217;analyse des donn\u00e9es d&#8217;utilisation des utilisateurs du service. Il s&#8217;agit g\u00e9n\u00e9ralement de cookies \u00e0 faible risque pour la vie priv\u00e9e s&#8217;il s&#8217;agit de donn\u00e9es agr\u00e9g\u00e9es.<\/li>\n<li>Cookies de publicit\u00e9 comportementale&nbsp;:&nbsp;ce sont des cookies qui stockent des informations sur le comportement des utilisateurs obtenues par l&#8217;observation continue de leurs habitudes de navigation, ce qui permet de d\u00e9velopper un profil sp\u00e9cifique afin d&#8217;afficher des publicit\u00e9s bas\u00e9es sur ce dernier.<\/li>\n<li>Cookies publicitaires&nbsp;:&nbsp;ce sont ceux qui permettent de g\u00e9rer, le plus efficacement possible, les espaces publicitaires en fonction de crit\u00e8res tels que le contenu \u00e9dit\u00e9 ou la fr\u00e9quence d&#8217;affichage des annonces.<\/li>\n<\/ul>\n<\/li>\n<li>Cookies par dur\u00e9e d&#8217;activit\u00e9.\n<ul>\n<li>Cookies de session&nbsp;:&nbsp;ils sont con\u00e7us pour collecter et stocker des donn\u00e9es pendant que l&#8217;utilisateur acc\u00e8de au site web. Ils sont g\u00e9n\u00e9ralement utilis\u00e9s pour stocker des informations qui ne sont pertinentes que pour la fourniture du service demand\u00e9 par l&#8217;utilisateur lors d&#8217;une seule occasion.<\/li>\n<li>Cookies persistants&nbsp;:&nbsp;il s&#8217;agit d&#8217;un type de cookie dans lequel les donn\u00e9es restent stock\u00e9es dans le terminal et peuvent \u00eatre consult\u00e9es et trait\u00e9es pendant une p\u00e9riode d\u00e9finie par la partie responsable du cookie, qui peut aller de quelques minutes \u00e0 plusieurs ann\u00e9es.<\/li>\n<\/ul>\n<\/li>\n<\/ul>\n<h2>Cookies utilis\u00e9s sur ce site web et PARAM\u00c9TRAGE<\/h2>\n<table class=\"cookielawinfo-row-cat-table cookielawinfo-classic\"><thead><tr><th class=\"cookielawinfo-column-1\">Cookie<\/th><th class=\"cookielawinfo-column-2\">Type<\/th><th class=\"cookielawinfo-column-3\">Duration<\/th><th class=\"cookielawinfo-column-4\">Description<\/th><\/tr><\/thead><tbody><tr class=\"cookielawinfo-row\"><td class=\"cookielawinfo-column-1\">__stripe_mid<\/td><td class=\"cookielawinfo-column-2\"><\/td><td class=\"cookielawinfo-column-3\">1 year<\/td><td class=\"cookielawinfo-column-4\">Stripe sets this cookie cookie to process payments.<\/td><\/tr><tr class=\"cookielawinfo-row\"><td class=\"cookielawinfo-column-1\">__stripe_sid<\/td><td class=\"cookielawinfo-column-2\"><\/td><td class=\"cookielawinfo-column-3\">30 minutes<\/td><td class=\"cookielawinfo-column-4\">Stripe sets this cookie cookie to process payments.<\/td><\/tr><tr class=\"cookielawinfo-row\"><td class=\"cookielawinfo-column-1\">_fbp<\/td><td class=\"cookielawinfo-column-2\"><\/td><td class=\"cookielawinfo-column-3\">3 months<\/td><td class=\"cookielawinfo-column-4\">This cookie is set by Facebook to display advertisements when either on Facebook or on a digital platform powered by Facebook advertising, after visiting the website.<\/td><\/tr><tr class=\"cookielawinfo-row\"><td class=\"cookielawinfo-column-1\">_ga<\/td><td class=\"cookielawinfo-column-2\"><\/td><td class=\"cookielawinfo-column-3\">2 years<\/td><td class=\"cookielawinfo-column-4\">The _ga cookie, installed by Google Analytics, calculates visitor, session and campaign data and also keeps track of site usage for the site's analytics report. The cookie stores information anonymously and assigns a randomly generated number to recognize unique visitors.<\/td><\/tr><tr class=\"cookielawinfo-row\"><td class=\"cookielawinfo-column-1\">_ga_B889NZK9QY<\/td><td class=\"cookielawinfo-column-2\"><\/td><td class=\"cookielawinfo-column-3\">2 years<\/td><td class=\"cookielawinfo-column-4\">This cookie is installed by Google Analytics.<\/td><\/tr><tr class=\"cookielawinfo-row\"><td class=\"cookielawinfo-column-1\">CONSENT<\/td><td class=\"cookielawinfo-column-2\"><\/td><td class=\"cookielawinfo-column-3\">2 years<\/td><td class=\"cookielawinfo-column-4\">YouTube sets this cookie via embedded youtube-videos and registers anonymous statistical data.<\/td><\/tr><tr class=\"cookielawinfo-row\"><td class=\"cookielawinfo-column-1\">cookielawinfo-checkbox-advertisement<\/td><td class=\"cookielawinfo-column-2\"><\/td><td class=\"cookielawinfo-column-3\">1 year<\/td><td class=\"cookielawinfo-column-4\">Set by the GDPR Cookie Consent plugin, this cookie is used to record the user consent for the cookies in the \"Advertisement\" category .<\/td><\/tr><tr class=\"cookielawinfo-row\"><td class=\"cookielawinfo-column-1\">cookielawinfo-checkbox-analytics<\/td><td class=\"cookielawinfo-column-2\"><\/td><td class=\"cookielawinfo-column-3\">1 year<\/td><td class=\"cookielawinfo-column-4\">Set by the GDPR Cookie Consent plugin, this cookie is used to record the user consent for the cookies in the \"Analytics\" category .<\/td><\/tr><tr class=\"cookielawinfo-row\"><td class=\"cookielawinfo-column-1\">cookielawinfo-checkbox-functional<\/td><td class=\"cookielawinfo-column-2\"><\/td><td class=\"cookielawinfo-column-3\">1 year<\/td><td class=\"cookielawinfo-column-4\">The cookie is set by the GDPR Cookie Consent plugin to record the user consent for the cookies in the category \"Functional\".<\/td><\/tr><tr class=\"cookielawinfo-row\"><td class=\"cookielawinfo-column-1\">cookielawinfo-checkbox-necessary<\/td><td class=\"cookielawinfo-column-2\"><\/td><td class=\"cookielawinfo-column-3\">1 year<\/td><td class=\"cookielawinfo-column-4\">Set by the GDPR Cookie Consent plugin, this cookie is used to record the user consent for the cookies in the \"Necessary\" category .<\/td><\/tr><tr class=\"cookielawinfo-row\"><td class=\"cookielawinfo-column-1\">cookielawinfo-checkbox-others<\/td><td class=\"cookielawinfo-column-2\"><\/td><td class=\"cookielawinfo-column-3\">1 year<\/td><td class=\"cookielawinfo-column-4\">Set by the GDPR Cookie Consent plugin, this cookie is used to store the user consent for cookies in the category \"Others\".<\/td><\/tr><tr class=\"cookielawinfo-row\"><td class=\"cookielawinfo-column-1\">cookielawinfo-checkbox-performance<\/td><td class=\"cookielawinfo-column-2\"><\/td><td class=\"cookielawinfo-column-3\">1 year<\/td><td class=\"cookielawinfo-column-4\">Set by the GDPR Cookie Consent plugin, this cookie is used to store the user consent for cookies in the category \"Performance\".<\/td><\/tr><tr class=\"cookielawinfo-row\"><td class=\"cookielawinfo-column-1\">CookieLawInfoConsent<\/td><td class=\"cookielawinfo-column-2\"><\/td><td class=\"cookielawinfo-column-3\">1 year<\/td><td class=\"cookielawinfo-column-4\">Records the default button state of the corresponding category &amp; the status of CCPA. It works only in coordination with the primary cookie.<\/td><\/tr><tr class=\"cookielawinfo-row\"><td class=\"cookielawinfo-column-1\">fr<\/td><td class=\"cookielawinfo-column-2\"><\/td><td class=\"cookielawinfo-column-3\">3 months<\/td><td class=\"cookielawinfo-column-4\">Facebook sets this cookie to show relevant advertisements to users by tracking user behaviour across the web, on sites that have Facebook pixel or Facebook social plugin.<\/td><\/tr><tr class=\"cookielawinfo-row\"><td class=\"cookielawinfo-column-1\">m<\/td><td class=\"cookielawinfo-column-2\"><\/td><td class=\"cookielawinfo-column-3\">2 years<\/td><td class=\"cookielawinfo-column-4\">No description available.<\/td><\/tr><tr class=\"cookielawinfo-row\"><td class=\"cookielawinfo-column-1\">NID<\/td><td class=\"cookielawinfo-column-2\"><\/td><td class=\"cookielawinfo-column-3\">6 months<\/td><td class=\"cookielawinfo-column-4\">NID cookie, set by Google, is used for advertising purposes; to limit the number of times the user sees an ad, to mute unwanted ads, and to measure the effectiveness of ads.<\/td><\/tr><tr class=\"cookielawinfo-row\"><td class=\"cookielawinfo-column-1\">PHPSESSID<\/td><td class=\"cookielawinfo-column-2\"><\/td><td class=\"cookielawinfo-column-3\">session<\/td><td class=\"cookielawinfo-column-4\">This cookie is native to PHP applications. The cookie is used to store and identify a users' unique session ID for the purpose of managing user session on the website. The cookie is a session cookies and is deleted when all the browser windows are closed.<\/td><\/tr><tr class=\"cookielawinfo-row\"><td class=\"cookielawinfo-column-1\">wp_woocommerce_session_ebde0b42fbfcfd31a14b7fe119d1b8cc<\/td><td class=\"cookielawinfo-column-2\"><\/td><td class=\"cookielawinfo-column-3\">2 days<\/td><td class=\"cookielawinfo-column-4\">No description<\/td><\/tr><tr class=\"cookielawinfo-row\"><td class=\"cookielawinfo-column-1\">wp-wpml_current_language<\/td><td class=\"cookielawinfo-column-2\"><\/td><td class=\"cookielawinfo-column-3\">session<\/td><td class=\"cookielawinfo-column-4\">No description available.<\/td><\/tr><\/tbody><\/table>\n<h2>Base juridique et p\u00e9riode de conservation<\/h2>\n<p>La base juridique du traitement de certaines donn\u00e9es personnelles (par exemple, les donn\u00e9es d&#8217;identification de l&#8217;appareil ou les adresses IP) aux fins indiqu\u00e9es dans le tableau ci-dessus est le consentement de l&#8217;utilisateur, qui est donn\u00e9 comme indiqu\u00e9 dans la banni\u00e8re d&#8217;information et dans la pr\u00e9sente politique, \u00e0 l&#8217;exception des cookies qui sont strictement n\u00e9cessaires pour la navigation sur notre site web.<\/p>\n<p>La dur\u00e9e de conservation de vos donn\u00e9es personnelles est la dur\u00e9e \u00e9tablie pour chaque cookie dans le tableau des cookies utilis\u00e9s.<\/p>\n<h2>Consentement<\/h2>\n<p>Afin d&#8217;installer des cookies sur le dispositif de l&#8217;utilisateur, nous demandons le consentement, qui est express\u00e9ment accord\u00e9 en cliquant sur le bouton &#8221; accepter &#8221; de la banni\u00e8re. Nous ne demandons pas de consentement dans les cas o\u00f9 les cookies sont n\u00e9cessaires \u00e0 la navigation sur notre site web.<\/p>\n<h2>Annulation du consentement<\/h2>\n<p>Vous pouvez modifier ou retirer votre consentement \u00e0 tout moment de cette politique en mati\u00e8re de cookies.<\/p>\n<p><a role='button' tabindex='0' class=\"medium cli-plugin-button cli-plugin-main-button cli_settings_button\">Param\u00e8tres des cookies<\/a> | <a role='button' tabindex='0' id=\"cookie_action_close_header_reject\"  class=\"medium cli-plugin-button cli-plugin-main-button cookie_action_close_header_reject cli_action_button wt-cli-reject-btn\"  data-cli_action=\"reject\">Tout rejeter<\/a><\/p>\n\n<h2>Communications et transferts internationaux de donn\u00e9es<\/h2>\n<p>Les cookies tiers utilis\u00e9s sur ce site web appartiennent au fournisseur indiqu\u00e9 dans le tableau, qui peut \u00eatre situ\u00e9 aux \u00c9tats-Unis ou ailleurs en dehors de l&#8217;Espace \u00e9conomique europ\u00e9en. Ces territoires peuvent ne pas offrir un niveau de protection de vos donn\u00e9es personnelles \u00e9quivalent \u00e0 celui de l&#8217;Union europ\u00e9enne.<\/p>\n<h2>D\u00e9sactivation des cookies<\/h2>\n<p>Pour r\u00e9voquer votre consentement, il vous suffit d&#8217;activer les boutons que nous vous avons fournis ou de configurer votre navigateur pour qu&#8217;il rejette les cookies. Vous devrez \u00e9galement effacer l&#8217;historique pour supprimer les cookies d\u00e9j\u00e0 install\u00e9s.<\/p>\n<p>Outre les boutons de configuration des cookies figurant dans la pr\u00e9sente politique, nous fournissons ci-apr\u00e8s des liens vers les informations n\u00e9cessaires \u00e0 la d\u00e9sactivation des cookies dans les navigateurs les plus couramment utilis\u00e9s&nbsp;:<\/p>\n<ul>\n<li>Google Chrome&nbsp;: <a style=\"color: #ccc;\" href=\"https:\/\/support.google.com\/chrome\/answer\/95647?co=GENIE.Platform%3DDesktop&amp;oco=1\">En savoir plus<\/a><\/li>\n<li>Google Chrome pour mobile (iOS)&nbsp;: <a style=\"color: #ccc;\" href=\"https:\/\/support.google.com\/chrome\/answer\/95647?co=GENIE.Platform%3DiOS&amp;oco=1\">En savoir plus<\/a><\/a><\/li>\n<li>Google Chrome pour mobile (Android)&nbsp;: <a style=\"color: #ccc;\" href=\"https:\/\/support.google.com\/chrome\/answer\/95647?co=GENIE.Platform%3DAndroid&amp;oco=1\">En savoir plus<\/a><\/li>\n<li>Google Chrome pour mobile (Android)&nbsp;: <a style=\"color: #ccc;\" href=\"https:\/\/support.google.com\/chrome\/answer\/95647?co=GENIE.Platform%3DAndroid&amp;oco=1\">En savoir plus<\/a><\/li>\n<li>Mozilla Firefox&nbsp;: <a style=\"color: #ccc;\" href=\"https:\/\/support.mozilla.org\/fr\/kb\/effacer-cookies-donnees-site-firefox?redirectslug=effacer-les-cookies-pour-supprimer-les-information&#038;redirectlocale=fr\">En savoir plus<\/a><\/li>\n<li>Opera&nbsp;: <a style=\"color: #ccc;\" href=\"https:\/\/blogs.opera.com\/news\/2015\/08\/how-to-manage-cookies-in-opera\/\">En savoir plus<\/a><\/li>\n<li>Safari&nbsp;: <a style=\"color: #ccc;\" href=\"https:\/\/support.apple.com\/fr-fr\/guide\/safari\/sfri11471\/mac\">En savoir plus<\/a><\/li>\n<\/ul>\n<h2>Droits des utilisateurs<\/h2>\n<p>L&#8217;utilisateur peut exercer ses droits d&#8217;acc\u00e8s, de rectification, de suppression, d&#8217;opposition et autres droits \u00e0 l&#8217;adresse <a href=\"mailto:gdpr@wolsttoncoffee.com\">gdpr@wolsttoncoffee.com<\/a>.<\/p>\n<p>De m\u00eame, l&#8217;utilisateur a le droit de pr\u00e9senter une r\u00e9clamation aupr\u00e8s d&#8217;une autorit\u00e9 de contr\u00f4le comp\u00e9tente. En France, cette autorit\u00e9 est la Commission nationale de l&#8217;informatique et des libert\u00e9s (<a href=\"http:\/\/www.www.cnil.fr.\">www.cnil.fr<\/a>).<\/p>\n<h2>En savoir plus<\/h2>\n<p>D\u00e9couvrez qui nous sommes, comment nous contacter, comment nous traitons les donn\u00e9es personnelles et comment exercer vos droits dans notre <a href=\"https:\/\/www.wolsttoncoffee.com\/fr\/politique-de-confidentialite\/\">Politique de confidentialit\u00e9<\/a>.<\/p>\n","protected":false},"excerpt":{"rendered":"<p>L&#8217;objectif de cette politique en mati\u00e8re de cookies est de fournir des informations claires et pr\u00e9cises sur les cookies utilis\u00e9s sur le site web. Identification [&hellip;]<\/p>\n","protected":false},"author":1,"featured_media":0,"parent":0,"menu_order":0,"comment_status":"closed","ping_status":"closed","template":"template-pages\/page-legal.php","meta":{"footnotes":""},"class_list":["post-1306","page","type-page","status-publish","hentry"],"acf":[],"_links":{"self":[{"href":"https:\/\/www.wolsttoncoffee.com\/fr\/wp-json\/wp\/v2\/pages\/1306","targetHints":{"allow":["GET"]}}],"collection":[{"href":"https:\/\/www.wolsttoncoffee.com\/fr\/wp-json\/wp\/v2\/pages"}],"about":[{"href":"https:\/\/www.wolsttoncoffee.com\/fr\/wp-json\/wp\/v2\/types\/page"}],"author":[{"embeddable":true,"href":"https:\/\/www.wolsttoncoffee.com\/fr\/wp-json\/wp\/v2\/users\/1"}],"replies":[{"embeddable":true,"href":"https:\/\/www.wolsttoncoffee.com\/fr\/wp-json\/wp\/v2\/comments?post=1306"}],"version-history":[{"count":10,"href":"https:\/\/www.wolsttoncoffee.com\/fr\/wp-json\/wp\/v2\/pages\/1306\/revisions"}],"predecessor-version":[{"id":2253,"href":"https:\/\/www.wolsttoncoffee.com\/fr\/wp-json\/wp\/v2\/pages\/1306\/revisions\/2253"}],"wp:attachment":[{"href":"https:\/\/www.wolsttoncoffee.com\/fr\/wp-json\/wp\/v2\/media?parent=1306"}],"curies":[{"name":"wp","href":"https:\/\/api.w.org\/{rel}","templated":true}]}}