{"id":1308,"date":"2021-05-11T10:37:19","date_gmt":"2021-05-11T10:37:19","guid":{"rendered":"https:\/\/www.wolsttoncoffee.com\/privacy-policy\/"},"modified":"2022-04-04T15:42:07","modified_gmt":"2022-04-04T15:42:07","slug":"politique-de-confidentialite","status":"publish","type":"page","link":"https:\/\/www.wolsttoncoffee.com\/fr\/politique-de-confidentialite\/","title":{"rendered":"Politique de confidentialit\u00e9"},"content":{"rendered":"<h2>1. Identification du responsable du traitement des donn\u00e9es<\/h2>\n<p>Conform\u00e9ment aux dispositions du R\u00c8GLEMENT (UE) 2016\/679 DU PARLEMENT EUROP\u00c9EN ET DU CONSEIL du 27 avril 2016 relatif \u00e0 la protection des personnes physiques \u00e0 l&#8217;\u00e9gard du traitement des donn\u00e9es \u00e0 caract\u00e8re personnel et \u00e0 la libre circulation de ces donn\u00e9es (ci-apr\u00e8s GDPR), nous vous informons que les donn\u00e9es personnelles seront trait\u00e9es par le responsable des donn\u00e9es suivant&#038;nbsp,:<\/p>\n<address>LAMMERMOOR S.L.U.<br \/>\nCIF B85818268<br \/>\nCalle Sopelana N\u00ba9 Planta CH, Puerta 10 &#8211; 28023 Madrid, Espa\u00f1a.<\/address>\n<p>Coordonn\u00e9es pour l&#8217;exercice de vos droits&nbsp;: <a href=\"mailto:gdpr@wolsttoncoffee.com\">gdpr@wolsttoncoffee.com<\/a><\/p>\n<p>Ci-apr\u00e8s, le responsable du traitement.<\/p>\n<h2>2. Principes g\u00e9n\u00e9raux de confidentialit\u00e9<\/h2>\n<p>Lorsque nous recueillons et traitons vos informations personnelles, nous suivons les principes pratiques suivants&nbsp;:<\/p>\n<ul>\n<li>Les donn\u00e9es \u00e0 caract\u00e8re personnel sont trait\u00e9es de mani\u00e8re \u00e9quitable, licite et transparente.<\/li>\n<li>Les donn\u00e9es \u00e0 caract\u00e8re personnel sont collect\u00e9es \u00e0 des fin d\u00e9termin\u00e9es, explicites et l\u00e9gitimes et ne sont pas trait\u00e9es de mani\u00e8re incompatible avec ces finalit\u00e9s.<\/li>\n<li>Les donn\u00e9es \u00e0 caract\u00e8re personnel sont ad\u00e9quates, pertinentes et limit\u00e9es \u00e0 ce qui est n\u00e9cessaire au regard des finalit\u00e9s pour lesquelles le traitement est effectu\u00e9.<\/li>\n<li>Les donn\u00e9es \u00e0 caract\u00e8re personnel doivent \u00eatre exactes et \u00e0 jour.<\/li>\n<li>Les donn\u00e9es incorrectes seront mises \u00e0 jour ou supprim\u00e9es.<\/li>\n<li>Les donn\u00e9es \u00e0 caract\u00e8re personnel doivent \u00eatre conserv\u00e9es sous une forme identifiable et uniquement pour ce qui est strictement n\u00e9cessaire.<\/li>\n<li>Les donn\u00e9es \u00e0 caract\u00e8re personnel sont prot\u00e9g\u00e9es par des mesures techniques et organisationnelles appropri\u00e9es et efficaces contre tout traitement non autoris\u00e9 ou illicite et contre toute perte, destruction ou dommage accidentels par des mesures techniques ou organisationnelles appropri\u00e9es (&#8221; int\u00e9grit\u00e9 et confidentialit\u00e9 &#8220;).<\/li>\n<li>Nous nous engageons \u00e0 respecter les principes de la protection des donn\u00e9es d\u00e8s la conception et de la protection des donn\u00e9es par d\u00e9faut.<\/li>\n<\/ul>\n<h2>3. Finalit\u00e9s de la collecte de donn\u00e9es \u00e0 caract\u00e8re personnel<\/h2>\n<p>Les finalit\u00e9s du traitement sont&nbsp;:<\/p>\n<ul>\n<li>Vente en ligne&nbsp;:&nbsp;ex\u00e9cution du contrat de vente. Gestion du service client, gestion administrative, gestion des commandes, facturation, gestion et contr\u00f4le de l&#8217;encaissement, enqu\u00eates de satisfaction, avis sur les produits et tout autre \u00e9l\u00e9ment permettant de maintenir la relation commerciale.<\/li>\n<li>Contact avec les clients et les utilisateurs&nbsp;:&nbsp;par t\u00e9l\u00e9phone ou par courrier \u00e9lectronique, pour traiter leurs demandes, suggestions et plaintes.<\/li>\n<li>Marketing, y compris par voie \u00e9lectronique&nbsp;:&nbsp;l&#8217;envoi de r\u00e9ductions, d&#8217;informations et d&#8217;offres sp\u00e9ciales sur les produits et de services, y compris par voie \u00e9lectronique. Comprend \u00e9galement l&#8217;affichage de publicit\u00e9s, y compris via les r\u00e9seaux sociaux (en fonction des param\u00e8tres de l&#8217;utilisateur). \u00c0 cette fin, une analyse du profil (analyse des achats, historique de navigation, historique des clics) peut \u00eatre effectu\u00e9e afin de d\u00e9terminer les pr\u00e9f\u00e9rences et les int\u00e9r\u00eats, et donc de proposer des communications utiles contenant la promotion de produits li\u00e9s \u00e0 ces pr\u00e9f\u00e9rences et int\u00e9r\u00eats.<\/li>\n<\/ul>\n<h2>4.- L\u00e9gitimation du traitement des donn\u00e9es \u00e0 caract\u00e8re personnel<\/h2>\n<ul>\n<li>Clients de la vente en ligne&nbsp;:&nbsp;ex\u00e9cution d&#8217;un contrat duquel la personne concern\u00e9e est partie.<\/li>\n<li>Utilisateurs ayant utilis\u00e9 une forme de contact&nbsp;:&nbsp;consentement de la personne concern\u00e9e.<\/li>\n<li>Marketing, y compris par voie \u00e9lectronique&nbsp;:&nbsp;consentement de la personne concern\u00e9e.<\/li>\n<li>Profilage&nbsp;:&nbsp;int\u00e9r\u00eat l\u00e9gitime du responsable du traitement, pour un traitement \u00e9quilibr\u00e9 et \u00e9galement b\u00e9n\u00e9fique pour la personne concern\u00e9e, car elle acc\u00e9dera et recevra des informations ad\u00e9quates adapt\u00e9es \u00e0 ses int\u00e9r\u00eats et pr\u00e9f\u00e9rences. L&#8217;int\u00e9r\u00eat l\u00e9gitime du responsable est d&#8217;optimiser le niveau de ses communications publicitaires, en les personnalisant, afin d&#8217;augmenter les chances de commercialisation des produits offerts sur le site.<\/li>\n<\/ul>\n<h2>5. Destinataires et transferts internationaux de donn\u00e9es<\/h2>\n<p>Aucune communication \u00e0 des tiers n&#8217;est pr\u00e9vue, sauf obligation l\u00e9gale, \u00e0 l\u2019exception de nos fournisseurs responsables du traitement. Aucun transfert international de donn\u00e9es ne sera effectu\u00e9, car toutes les donn\u00e9es sont trait\u00e9es au sein de l&#8217;Espace \u00e9conomique europ\u00e9en. En cas de transferts n\u00e9cessaires, ceux-ci peuvent \u00eatre effectu\u00e9s, entre autres, aux banques, aux autorit\u00e9s fiscales, au recouvrement de cr\u00e9ances, et selon le type de traitement.<\/p>\n<h2>6. Profilage et d\u00e9cisions automatis\u00e9es<\/h2>\n<p>Le profilage est toute forme de traitement automatis\u00e9 de donn\u00e9es \u00e0 caract\u00e8re personnel consistant \u00e0 utiliser des donn\u00e9es \u00e0 caract\u00e8re personnel pour \u00e9valuer certains aspects personnels d&#8217;une personne physique, notamment pour analyser ou pr\u00e9dire des aspects relatifs aux performances professionnelles, \u00e0 la situation financi\u00e8re, \u00e0 la sant\u00e9, aux pr\u00e9f\u00e9rences personnelles, aux int\u00e9r\u00eats, \u00e0 la fiabilit\u00e9, au comportement, \u00e0 la localisation ou aux d\u00e9placements de cette personne physique.<\/p>\n<p>Le profilage des donn\u00e9es \u00e0 caract\u00e8re personnel consiste \u00e0 traiter les donn\u00e9es \u00e0 caract\u00e8re personnel des Clients ou des utilisateurs, de mani\u00e8re automatique et manuelle, afin d&#8217;analyser ou de pr\u00e9dire leurs pr\u00e9f\u00e9rences et int\u00e9r\u00eats personnels pour pouvoir adapter les services et envoyer des communications personnalis\u00e9es. <strong>Dans le cas du profilage automatis\u00e9, en aucun cas il ne sera pris de d\u00e9cisions individuelles automatis\u00e9es qui produisent des effets juridiques sur les personnes concern\u00e9es ou qui les affectent de mani\u00e8re significative de fa\u00e7on similaire.<\/strong><\/p>\n<h2>7. D\u00e9lais de conservation<\/h2>\n<ul>\n<li>Clients&nbsp;:&nbsp;tant que la relation commerciale est en vigueur, sans pr\u00e9judice des d\u00e9lais indiqu\u00e9s par la loi.<\/li>\n<li>Utilisateurs ayant utilis\u00e9 une forme de contact&nbsp;:&nbsp;pour la dur\u00e9e pendant laquelle les donn\u00e9es sont n\u00e9cessaires au traitement de votre demande.<\/li>\n<li>Marketing, y compris par voie \u00e9lectronique&nbsp;:&nbsp;les donn\u00e9es sont conserv\u00e9es aussi longtemps que la personne concern\u00e9e figure dans la base de donn\u00e9es. Il est rappel\u00e9 aux parties concern\u00e9es qu&#8217;elles peuvent se d\u00e9sabonner des communications commerciales \u00e0 tout moment.<\/li>\n<\/ul>\n<h2>8. Droits de la partie concern\u00e9e<\/h2>\n<p>En tant que personne concern\u00e9e, vous pouvez adresser vos communications et exercer vos droits en respectant les formalit\u00e9s impos\u00e9es par le R\u00c8GLEMENT (UE) 2016\/679 DU PARLEMENT EUROP\u00c9EN ET DU CONSEIL du 27 avril 2016 relatif \u00e0 la protection des personnes physiques \u00e0 l&#8217;\u00e9gard du traitement des donn\u00e9es \u00e0 caract\u00e8re personnel et \u00e0 la libre circulation de ces donn\u00e9es.<\/p>\n<p>Dans toutes nos op\u00e9rations li\u00e9es \u00e0 votre vie priv\u00e9e, nous nous effor\u00e7ons de respecter la l\u00e9gislation en vigueur, qui pr\u00e9voit un certain nombre de droits pour la personne concern\u00e9e, \u00e9num\u00e9r\u00e9s ci-apr\u00e8s&nbsp;:<\/p>\n<table>\n<tbody>\n<tr>\n<th><strong>Vos droits<\/strong><\/th>\n<th><strong>Qu&#8217;est-ce que cela signifie&nbsp;?<\/strong><\/th>\n<\/tr>\n<tr>\n<td><strong>Droit \u00e0 l&#8217;information<\/strong><\/td>\n<td>Vous avez le droit \u00e0 une information claire, concise, transparente et facile \u00e0 comprendre concernant la fa\u00e7on dont nous utilisons vos donn\u00e9es \u00e0 caract\u00e8re personnel et sur vos droits.<\/td>\n<\/tr>\n<tr>\n<td><strong>Droit d&#8217;acc\u00e8s<\/strong><\/td>\n<td>Vous avez le droit, dans une certaine limite, \u00e0 acc\u00e9der \u00e0 vos donn\u00e9es personnelles. Les demandes manifestement infond\u00e9es, excessives ou r\u00e9p\u00e9titives pourraient \u00eatre ignor\u00e9es.<\/td>\n<\/tr>\n<tr>\n<td><strong>Droit de rectification<\/strong><\/td>\n<td>Vous avez le droit \u00e0 la rectification de vos donn\u00e9es personnelles si elles sont incorrectes ou ne sont plus actualis\u00e9es, et \u00e0 les compl\u00e9ter si elles ne sont pas compl\u00e8tes.<\/td>\n<\/tr>\n<tr>\n<td><strong>Droit de suppression, droit \u00e0 l&#8217;oubli<\/strong><\/td>\n<td>Dans certains cas, vous avez le droit \u00e0 la suppression ou l&#8217;\u00e9limination de vos donn\u00e9es personnelles. Il convient de pr\u00e9ciser qu&#8217;il ne s&#8217;agit pas d&#8217;un droit absolu dans la mesure o\u00f9 nous pourrions avoir des raisons l\u00e9gales ou l\u00e9gitimes de les conserver.<\/td>\n<\/tr>\n<tr>\n<td><strong>Droit de s&#8217;opposer \u00e0 la r\u00e9ception de publicit\u00e9<\/strong><\/td>\n<td>Vous pouvez vous d\u00e9sabonner de nos communications marketing \u00e0 tout moment. La mani\u00e8re la plus simple de le faire est de cliquer sur le lien &#8220;Se d\u00e9sabonner&#8221; figurant sur chacun de nos e-mails ou communication. Vous pouvez \u00e9galement nous contacter par e-mail \u00e0 l&#8217;adresse suivante&nbsp;: <a href=\"mailto:gdpr@wolsttoncoffee.com\">gdpr@wolsttoncoffee.com<\/a><\/td>\n<\/tr>\n<tr>\n<td><strong>Droit de retirer son consentement \u00e0 tout moment lorsque le traitement des donn\u00e9es est fond\u00e9 sur le consentement<\/strong><\/td>\n<td>Dans l&#8217;hypoth\u00e8se o\u00f9 vous auriez donn\u00e9 votre consentement pour l&#8217;une des finalit\u00e9s inform\u00e9es et d\u00e9termin\u00e9es dans le traitement vis\u00e9 ci-dessus, nous vous informons que vous avez le droit de retirer votre consentement \u00e0 tout moment, sans que cela n&#8217;affecte la l\u00e9galit\u00e9 du traitement fond\u00e9 sur le consentement avant son retrait.<\/td>\n<\/tr>\n<tr>\n<td><strong>Droit d&#8217;opposition au traitement fond\u00e9 sur la satisfaction d&#8217;int\u00e9r\u00eats l\u00e9gitimes<\/strong><\/td>\n<td>Vous pouvez vous opposer \u00e0 tout moment \u00e0 notre traitement de vos donn\u00e9es lorsque le traitement est fond\u00e9 sur la satisfaction d&#8217;int\u00e9r\u00eats l\u00e9gitimes.<\/td>\n<\/tr>\n<tr>\n<td><strong>Droit de d\u00e9poser une plainte aupr\u00e8s d&#8217;une autorit\u00e9 de contr\u00f4le<\/strong><\/td>\n<td>Nous vous informons \u00e9galement que si vous n&#8217;\u00eates pas satisfait de l&#8217;exercice de vos droits ou de la mani\u00e8re de les exercer, vous pouvez d\u00e9poser une plainte aupr\u00e8s de l&#8217;autorit\u00e9 de contr\u00f4le. Si vous souhaitez obtenir plus d&#8217;informations sur ce droit et sur la mani\u00e8re de l&#8217;exercer, veuillez contacter la Commission nationale de l&#8217;informatique et des libert\u00e9s <a href=\"http:\/\/www.www.cnil.fr.\">www.cnil.fr<\/a> T\u00e9l. 01 53 73 22 22, 3 Pl. Fontenoy, 75007 Paris.<\/td>\n<\/tr>\n<tr>\n<td><strong>Droit \u00e0 la portabilit\u00e9 des donn\u00e9es<\/strong><\/td>\n<td>Vous avez le droit de recevoir les donn\u00e9es personnelles vous concernant, que vous nous avez fournies dans un format structur\u00e9, couramment utilis\u00e9 et lisible par machine, afin qu&#8217;elles puissent \u00eatre transf\u00e9r\u00e9es \u00e0 un autre responsable du traitement, lorsque le traitement est fond\u00e9 sur l&#8217;ex\u00e9cution d&#8217;un contrat ou sur votre consentement et que le traitement est effectu\u00e9 par des moyens automatis\u00e9s.<\/td>\n<\/tr>\n<tr>\n<td><strong>Droit de limiter le traitement<\/strong><\/td>\n<td>Vous avez le droit d&#8217;obtenir la limitation du traitement de vos donn\u00e9es, mais il existe deux fa\u00e7ons d&#8217;exercer ce droit&nbsp;:<br \/>\nVous pouvez demander la suspension du traitement de vos donn\u00e9es&nbsp;:<\/p>\n<ul>\n<li>Lorsque vous contestez l&#8217;exactitude de vos donn\u00e9es \u00e0 caract\u00e8re personnel, pendant une p\u00e9riode permettant au responsable du traitement de les v\u00e9rifier.<\/li>\n<li>Lorsque vous vous \u00eates oppos\u00e9 au traitement de vos donn\u00e9es \u00e0 caract\u00e8re personnel par le responsable du traitement sur la base d&#8217;un int\u00e9r\u00eat l\u00e9gitime ou d&#8217;une mission d&#8217;int\u00e9r\u00eat public, le temps que le responsable du traitement v\u00e9rifie si ces motifs pr\u00e9valent sur les v\u00f4tres.<\/li>\n<\/ul>\n<p>Demander au responsable du traitement des donn\u00e9es de conserver vos donn\u00e9es&nbsp;:<\/p>\n<ul>\n<li>Lorsque le traitement est ill\u00e9gal et que vous vous \u00eates oppos\u00e9 \u00e0 l&#8217;effacement de vos donn\u00e9es, et demandez plut\u00f4t la restriction de leur utilisation.<\/li>\n<li>Lorsque le responsable du traitement n&#8217;a plus besoin des donn\u00e9es \u00e0 caract\u00e8re personnel aux fins du traitement, mais que la personne concern\u00e9e en a besoin pour pr\u00e9senter, exercer ou d\u00e9fendre des r\u00e9clamations.<\/li>\n<\/ul>\n<\/td>\n<\/tr>\n<\/tbody>\n<\/table>\n<p>Comment exercer vos droits en mati\u00e8re de protection des donn\u00e9es&nbsp;?<\/p>\n<p>Pour exercer vos droits, vous pouvez contacter gdpr@wolsttoncoffee.com en indiquant en objet &#8220;RGPD. DROITS&#8221; ou similaire. Vous devez pr\u00e9ciser de quel droit vous demandez la satisfaction.<\/p>\n<p>Vous pouvez utiliser un formulaire officiel de la Commission nationale de l&#8217;informatique et des libert\u00e9s&nbsp;: <a href=\"https:\/\/www.cnil.fr\/fr\/plaintes\">https:\/\/www.cnil.fr\/fr\/plaintes<\/a><\/p>\n<h2>9. S\u00e9curit\u00e9<\/h2>\n<p>Les mesures de s\u00e9curit\u00e9 adopt\u00e9es sont celles requises, conform\u00e9ment aux dispositions de l&#8217;article 32 du RGPD. \u00c0 cet \u00e9gard, compte tenu de l&#8217;\u00e9tat de l&#8217;art, des co\u00fbts de mise en \u0153uvre et de la nature, de la port\u00e9e, du contexte et des finalit\u00e9s du traitement, ainsi que des risques de probabilit\u00e9 et de gravit\u00e9 variables pour les droits et libert\u00e9s des personnes physiques, le responsable du traitement a mis en place les mesures techniques et organisationnelles appropri\u00e9es pour assurer un niveau de s\u00e9curit\u00e9 adapt\u00e9 au risque existant.<\/p>\n<p>Le responsable du traitement a mis en place des m\u00e9canismes suffisants pour&nbsp;:<\/p>\n<ul>\n<li>Garantir la confidentialit\u00e9, l&#8217;int\u00e9grit\u00e9, la disponibilit\u00e9 et la fiabilit\u00e9 des syst\u00e8mes et services de traitement.<\/li>\n<li>Restaurer la disponibilit\u00e9 et l&#8217;acc\u00e8s aux donn\u00e9es personnelles rapidement, en cas d&#8217;incident physique ou technique.<\/li>\n<li>V\u00e9rifier, \u00e9valuer et appr\u00e9cier r\u00e9guli\u00e8rement l&#8217;efficacit\u00e9 des mesures techniques et organisationnelles mises en \u0153uvre pour assurer la s\u00e9curit\u00e9 du traitement.<\/li>\n<li>Anonymiser et crypter les donn\u00e9es personnelles, le cas \u00e9ch\u00e9ant.<\/li>\n<\/ul>\n<h2>10. R\u00e9seaux sociaux<\/h2>\n<p>Les fans ou followers sur les diff\u00e9rents r\u00e9seaux sociaux et dans le cadre de ce traitement doivent consid\u00e9rer que le responsable du traitement peut consulter ou supprimer leurs donn\u00e9es de mani\u00e8re restreinte car ils ont un profil sp\u00e9cifique. Toute rectification de vos donn\u00e9es ou restriction d&#8217;informations ou de publications doit \u00eatre effectu\u00e9e par la configuration de votre profil utilisateur dans le r\u00e9seau social lui-m\u00eame.<\/p>\n<p>Par cons\u00e9quent, les fans\/followers consentent&nbsp;:<\/p>\n<ul>\n<li>Au traitement de vos donn\u00e9es personnelles est effectu\u00e9 dans l&#8217;environnement dudit r\u00e9seau social et conform\u00e9ment \u00e0 ses propres politiques de confidentialit\u00e9.<\/li>\n<li>\u00c0 l&#8217;acc\u00e8s par le responsable du traitement des donn\u00e9es aux donn\u00e9es contenues dans votre profil ou votre biographie, en fonction de vos param\u00e8tres de confidentialit\u00e9 sur chaque r\u00e9seau.<\/li>\n<li>\u00c0 ce que les informations publi\u00e9es sur nos \u00e9v\u00e9nements, nos actualit\u00e9s ou nos commentaires puissent appara\u00eetre sur votre mur ou votre biographie.<\/li>\n<li>En cas d&#8217;utilisation d&#8217;un formulaire sp\u00e9cifiquement cr\u00e9\u00e9 \u00e0 des fins promotionnelles ou autres, les donn\u00e9es collect\u00e9es seront trait\u00e9es conform\u00e9ment \u00e0 la politique de protection des donn\u00e9es du responsable du traitement des donn\u00e9es.<\/li>\n<\/ul>\n<p>Si vous ne souhaitez plus nous suivre choisissez l&#8217;option \u00a0<strong>\u201c se d\u00e9sabonner &#8220;<\/strong>,<strong> &#8221; ne plus suivre &#8220;<\/strong> ou toute autre option similaire.<\/p>\n","protected":false},"excerpt":{"rendered":"<p>1. Identification du responsable du traitement des donn\u00e9es Conform\u00e9ment aux dispositions du R\u00c8GLEMENT (UE) 2016\/679 DU PARLEMENT EUROP\u00c9EN ET DU CONSEIL du 27 avril 2016 [&hellip;]<\/p>\n","protected":false},"author":1,"featured_media":0,"parent":0,"menu_order":0,"comment_status":"closed","ping_status":"closed","template":"template-pages\/page-legal.php","meta":{"footnotes":""},"class_list":["post-1308","page","type-page","status-publish","hentry"],"acf":[],"_links":{"self":[{"href":"https:\/\/www.wolsttoncoffee.com\/fr\/wp-json\/wp\/v2\/pages\/1308","targetHints":{"allow":["GET"]}}],"collection":[{"href":"https:\/\/www.wolsttoncoffee.com\/fr\/wp-json\/wp\/v2\/pages"}],"about":[{"href":"https:\/\/www.wolsttoncoffee.com\/fr\/wp-json\/wp\/v2\/types\/page"}],"author":[{"embeddable":true,"href":"https:\/\/www.wolsttoncoffee.com\/fr\/wp-json\/wp\/v2\/users\/1"}],"replies":[{"embeddable":true,"href":"https:\/\/www.wolsttoncoffee.com\/fr\/wp-json\/wp\/v2\/comments?post=1308"}],"version-history":[{"count":8,"href":"https:\/\/www.wolsttoncoffee.com\/fr\/wp-json\/wp\/v2\/pages\/1308\/revisions"}],"predecessor-version":[{"id":2237,"href":"https:\/\/www.wolsttoncoffee.com\/fr\/wp-json\/wp\/v2\/pages\/1308\/revisions\/2237"}],"wp:attachment":[{"href":"https:\/\/www.wolsttoncoffee.com\/fr\/wp-json\/wp\/v2\/media?parent=1308"}],"curies":[{"name":"wp","href":"https:\/\/api.w.org\/{rel}","templated":true}]}}