{"id":2301,"date":"2022-04-06T08:58:40","date_gmt":"2022-04-06T08:58:40","guid":{"rendered":"https:\/\/www.wolsttoncoffee.com\/?page_id=2301"},"modified":"2022-04-07T14:13:41","modified_gmt":"2022-04-07T14:13:41","slug":"faqs","status":"publish","type":"page","link":"https:\/\/www.wolsttoncoffee.com\/fr\/faqs\/","title":{"rendered":"FAQs"},"content":{"rendered":"<h3><strong>Quelles cafeti\u00e8res sont compatibles avec les capsules de Wolstton Coffee&nbsp;?<\/strong><\/h3>\n<p>Les capsules de Wolstton Coffee sont compatibles avec les syst\u00e8mes Nespresso\u00ae Original. Elles ne sont PAS compatibles avec les syst\u00e8mes Nespresso\u00ae Vertuoline, Nespresso\u00ae Professional, Keurig, Tassimo, Dolce Gusto ou Lavazza, entre autres. En cas de doute, n&#8217;h\u00e9sitez pas \u00e0 nous contacter \u00e0 <a href=\"mailto:hello@wolsttoncoffee.com\">hello@wolsttoncoffee.com<\/a>.<\/p>\n<h3><strong>Comment conserver les capsules de Wolstton Coffee&nbsp;?<\/strong><\/h3>\n<p>De pr\u00e9f\u00e9rence dans leur emballage, dans un lieu frais et sec, \u00e0 l&#8217;abri de l&#8217;humidit\u00e9. Ne les conservez pas au r\u00e9frig\u00e9rateur, ni dans des conditions sup\u00e9rieures \u00e0 35\u00baC.<\/p>\n<h3><strong>Que faire des capsules usag\u00e9es&nbsp;?<\/strong><\/h3>\n<p>Vous pouvez les mettre dans les conteneurs r\u00e9serv\u00e9s aux d\u00e9chets organiques.<\/p>\n<h3><strong>De quels pays peut-on commander&nbsp;?<\/strong><\/h3>\n<p>La boutique en ligne de Wolstton Coffee op\u00e8re en Europe. En cas de doute, n&#8217;h\u00e9sitez pas \u00e0 nous contacter \u00e0 hello@wolsttoncoffee.com.<\/p>\n<h3><strong>Comment payer ma commande&nbsp;?<\/strong><\/h3>\n<p>Le paiement est disponible via trois canaux diff\u00e9rents&nbsp;: par carte de cr\u00e9dit, PayPal ou Apple Pay.<\/p>\n<h3><strong>Je n&#8217;ai pas re\u00e7u d&#8217;e-mail de confirmation de ma commande. Que faire&nbsp;?<\/strong><\/h3>\n<p>Tout d&#8217;abord, veuillez v\u00e9rifier le courrier ind\u00e9sirable (spam) de votre messagerie \u00e9lectronique. Si l&#8217;e-mail de confirmation ne s&#8217;y trouve pas, contactez-nous \u00e0 l&#8217;adresse hello@wolsttoncoffee.com afin que nous trouvions une solution.<\/p>\n<p>Si vous avez une question dont la r\u00e9ponse ne figure pas ici, veuillez nous contacter \u00e0 l&#8217;adresse suivante&nbsp;: <a href=\"mailto:hello@wolsttoncoffee.com\" style=\"text-decoration: underline;\">hello@wolsttoncoffee.com<\/a><\/p>\n","protected":false},"excerpt":{"rendered":"<p>Quelles cafeti\u00e8res sont compatibles avec les capsules de Wolstton Coffee&nbsp;? Les capsules de Wolstton Coffee sont compatibles avec les syst\u00e8mes Nespresso\u00ae Original. Elles ne sont [&hellip;]<\/p>\n","protected":false},"author":53,"featured_media":0,"parent":0,"menu_order":0,"comment_status":"closed","ping_status":"closed","template":"template-pages\/page-legal.php","meta":{"footnotes":""},"class_list":["post-2301","page","type-page","status-publish","hentry"],"acf":[],"_links":{"self":[{"href":"https:\/\/www.wolsttoncoffee.com\/fr\/wp-json\/wp\/v2\/pages\/2301","targetHints":{"allow":["GET"]}}],"collection":[{"href":"https:\/\/www.wolsttoncoffee.com\/fr\/wp-json\/wp\/v2\/pages"}],"about":[{"href":"https:\/\/www.wolsttoncoffee.com\/fr\/wp-json\/wp\/v2\/types\/page"}],"author":[{"embeddable":true,"href":"https:\/\/www.wolsttoncoffee.com\/fr\/wp-json\/wp\/v2\/users\/53"}],"replies":[{"embeddable":true,"href":"https:\/\/www.wolsttoncoffee.com\/fr\/wp-json\/wp\/v2\/comments?post=2301"}],"version-history":[{"count":4,"href":"https:\/\/www.wolsttoncoffee.com\/fr\/wp-json\/wp\/v2\/pages\/2301\/revisions"}],"predecessor-version":[{"id":2354,"href":"https:\/\/www.wolsttoncoffee.com\/fr\/wp-json\/wp\/v2\/pages\/2301\/revisions\/2354"}],"wp:attachment":[{"href":"https:\/\/www.wolsttoncoffee.com\/fr\/wp-json\/wp\/v2\/media?parent=2301"}],"curies":[{"name":"wp","href":"https:\/\/api.w.org\/{rel}","templated":true}]}}