{"id":1990,"date":"2021-05-20T10:43:51","date_gmt":"2021-05-20T10:43:51","guid":{"rendered":"https:\/\/www.wolsttoncoffee.com\/product\/baltra\/"},"modified":"2026-02-26T09:51:19","modified_gmt":"2026-02-26T08:51:19","slug":"baltra","status":"publish","type":"product","link":"https:\/\/www.wolsttoncoffee.com\/fr\/cafeencapsulas\/baltra\/","title":{"rendered":"Baltra"},"content":{"rendered":"<p>La personnalit\u00e9 de notre caf\u00e9 Baltra r\u00e9sume \u00e0 elle seule toutes les valeurs de Wolstton. \u00c9labor\u00e9 avec le caf\u00e9 des \u00eeles Gal\u00e1pagos, il renferme une touche d\u00e9licate de la vari\u00e9t\u00e9 Gesha, qui vient compl\u00e9ter la puret\u00e9 du caf\u00e9 des \u00eeles, en y ajoutant une note de douceur, une l\u00e9g\u00e8re acidit\u00e9 et une sophistication aromatique. L\u2019origine de ce caf\u00e9 explique son caract\u00e8re exceptionnel. Le climat des \u00eeles Gal\u00e1pagos, l\u2019origine volcanique de ses sols et la combinaison de nutriments charri\u00e9s par les courants oc\u00e9aniques de cette r\u00e9gion produisent un caf\u00e9 unique, original et de grande qualit\u00e9.<\/p>\n","protected":false},"excerpt":{"rendered":"<p>M\u00e9lange compos\u00e9 de caf\u00e9 de sp\u00e9cialit\u00e9 des \u00eeles Galapagos et d\u2019une touche d\u00e9licate de la vari\u00e9t\u00e9 Gesha. Baltra incarne toutes les valeurs de la marque Wolstton.<\/p>\n","protected":false},"featured_media":1116,"template":"","meta":[],"product_cat":[89],"product_tag":[],"class_list":["post-1990","product","type-product","status-publish","has-post-thumbnail","hentry","product_cat-sin-categorizar-fr"],"acf":[],"_links":{"self":[{"href":"https:\/\/www.wolsttoncoffee.com\/fr\/wp-json\/wp\/v2\/product\/1990","targetHints":{"allow":["GET"]}}],"collection":[{"href":"https:\/\/www.wolsttoncoffee.com\/fr\/wp-json\/wp\/v2\/product"}],"about":[{"href":"https:\/\/www.wolsttoncoffee.com\/fr\/wp-json\/wp\/v2\/types\/product"}],"wp:featuredmedia":[{"embeddable":true,"href":"https:\/\/www.wolsttoncoffee.com\/fr\/wp-json\/wp\/v2\/media\/1116"}],"wp:attachment":[{"href":"https:\/\/www.wolsttoncoffee.com\/fr\/wp-json\/wp\/v2\/media?parent=1990"}],"wp:term":[{"taxonomy":"product_cat","embeddable":true,"href":"https:\/\/www.wolsttoncoffee.com\/fr\/wp-json\/wp\/v2\/product_cat?post=1990"},{"taxonomy":"product_tag","embeddable":true,"href":"https:\/\/www.wolsttoncoffee.com\/fr\/wp-json\/wp\/v2\/product_tag?post=1990"}],"curies":[{"name":"wp","href":"https:\/\/api.w.org\/{rel}","templated":true}]}}