{"id":2041,"date":"2021-05-20T10:56:27","date_gmt":"2021-05-20T10:56:27","guid":{"rendered":"https:\/\/www.wolsttoncoffee.com\/product\/kirati\/"},"modified":"2026-02-26T09:43:56","modified_gmt":"2026-02-26T08:43:56","slug":"kirati","status":"publish","type":"product","link":"https:\/\/www.wolsttoncoffee.com\/fr\/cafeencapsulas\/kirati\/","title":{"rendered":"Kirati"},"content":{"rendered":"<p>Ce blend est compos\u00e9 de grains des \u00eeles Gal\u00e1pagos et du N\u00e9pal. Ces deux vari\u00e9t\u00e9s ont en commun des origines singuli\u00e8res\u00a0: une terre exotique et des conditions climatiques exceptionnelles qui produisent des caf\u00e9s uniques, incomparables, au profil organoleptique raffin\u00e9 et inimitable. Inspir\u00e9 par la sobri\u00e9t\u00e9 de la spiritualit\u00e9 et la d\u00e9licatesse de la nature, Kirati est une exaltation de la subtilit\u00e9 et un rapprochement sensoriel de l\u2019essentiel et de la puret\u00e9.<\/p>\n","protected":false},"excerpt":{"rendered":"<p>M\u00e9lange compos\u00e9 de caf\u00e9s de sp\u00e9cialit\u00e9 des \u00eeles Gal\u00e1pagos et du N\u00e9pal. Cr\u00e9\u00e9 pour stimuler notre c\u00f4t\u00e9 spirituel et naturel.<\/p>\n","protected":false},"featured_media":1120,"template":"","meta":[],"product_cat":[89],"product_tag":[],"class_list":["post-2041","product","type-product","status-publish","has-post-thumbnail","hentry","product_cat-sin-categorizar-fr"],"acf":[],"_links":{"self":[{"href":"https:\/\/www.wolsttoncoffee.com\/fr\/wp-json\/wp\/v2\/product\/2041","targetHints":{"allow":["GET"]}}],"collection":[{"href":"https:\/\/www.wolsttoncoffee.com\/fr\/wp-json\/wp\/v2\/product"}],"about":[{"href":"https:\/\/www.wolsttoncoffee.com\/fr\/wp-json\/wp\/v2\/types\/product"}],"wp:featuredmedia":[{"embeddable":true,"href":"https:\/\/www.wolsttoncoffee.com\/fr\/wp-json\/wp\/v2\/media\/1120"}],"wp:attachment":[{"href":"https:\/\/www.wolsttoncoffee.com\/fr\/wp-json\/wp\/v2\/media?parent=2041"}],"wp:term":[{"taxonomy":"product_cat","embeddable":true,"href":"https:\/\/www.wolsttoncoffee.com\/fr\/wp-json\/wp\/v2\/product_cat?post=2041"},{"taxonomy":"product_tag","embeddable":true,"href":"https:\/\/www.wolsttoncoffee.com\/fr\/wp-json\/wp\/v2\/product_tag?post=2041"}],"curies":[{"name":"wp","href":"https:\/\/api.w.org\/{rel}","templated":true}]}}