{"id":2061,"date":"2021-05-20T11:00:47","date_gmt":"2021-05-20T11:00:47","guid":{"rendered":"https:\/\/www.wolsttoncoffee.com\/product\/camanay-2\/"},"modified":"2026-02-26T09:54:51","modified_gmt":"2026-02-26T08:54:51","slug":"camanay","status":"publish","type":"product","link":"https:\/\/www.wolsttoncoffee.com\/fr\/cafeencapsulas\/camanay\/","title":{"rendered":"Camanay"},"content":{"rendered":"<p>La durabilit\u00e9 environnementale et sociale est la cl\u00e9 de vo\u00fbte de ce blend. \u00c0 l\u2019exclusivit\u00e9 du grain des \u00eeles Gal\u00e1pagos s\u2019ajoute un caf\u00e9 originaire de la coop\u00e9rative Coopetarraz\u00fa, situ\u00e9e au Costa Rica, une organisation qui a fait de l\u2019int\u00e9gration professionnelle des femmes une priorit\u00e9. Ce blend est \u00e9galement rejoint par un autre caf\u00e9 d\u2019une qualit\u00e9 incomparable\u00a0: celui de l\u2019Amazonie, r\u00e9colt\u00e9 dans la jungle de l\u2019\u00c9quateur, sur des terres r\u00e9cup\u00e9r\u00e9es apr\u00e8s un d\u00e9boisement ill\u00e9gal. Enfin, il est compl\u00e9t\u00e9 par le caf\u00e9 Black Honey, une vari\u00e9t\u00e9 obtenue gr\u00e2ce \u00e0 un processus sp\u00e9cial de d\u00e9pulpage, de nettoyage et de s\u00e9chage qui donne un caf\u00e9 plus doux et complexe.<\/p>\n","protected":false},"excerpt":{"rendered":"<p>M\u00e9lange compos\u00e9 de caf\u00e9s de sp\u00e9cialit\u00e9 des \u00eeles Galapagos, du Costa Rica et du Br\u00e9sil. Inspir\u00e9 par la durabilit\u00e9 environnementale et sociale.<\/p>\n","protected":false},"featured_media":1118,"template":"","meta":[],"product_cat":[89],"product_tag":[],"class_list":["post-2061","product","type-product","status-publish","has-post-thumbnail","hentry","product_cat-sin-categorizar-fr"],"acf":[],"_links":{"self":[{"href":"https:\/\/www.wolsttoncoffee.com\/fr\/wp-json\/wp\/v2\/product\/2061","targetHints":{"allow":["GET"]}}],"collection":[{"href":"https:\/\/www.wolsttoncoffee.com\/fr\/wp-json\/wp\/v2\/product"}],"about":[{"href":"https:\/\/www.wolsttoncoffee.com\/fr\/wp-json\/wp\/v2\/types\/product"}],"wp:featuredmedia":[{"embeddable":true,"href":"https:\/\/www.wolsttoncoffee.com\/fr\/wp-json\/wp\/v2\/media\/1118"}],"wp:attachment":[{"href":"https:\/\/www.wolsttoncoffee.com\/fr\/wp-json\/wp\/v2\/media?parent=2061"}],"wp:term":[{"taxonomy":"product_cat","embeddable":true,"href":"https:\/\/www.wolsttoncoffee.com\/fr\/wp-json\/wp\/v2\/product_cat?post=2061"},{"taxonomy":"product_tag","embeddable":true,"href":"https:\/\/www.wolsttoncoffee.com\/fr\/wp-json\/wp\/v2\/product_tag?post=2061"}],"curies":[{"name":"wp","href":"https:\/\/api.w.org\/{rel}","templated":true}]}}