{"id":2074,"date":"2021-05-20T11:05:23","date_gmt":"2021-05-20T11:05:23","guid":{"rendered":"https:\/\/www.wolsttoncoffee.com\/product\/aquenio\/"},"modified":"2026-02-26T09:57:40","modified_gmt":"2026-02-26T08:57:40","slug":"aquenio","status":"publish","type":"product","link":"https:\/\/www.wolsttoncoffee.com\/fr\/cafeencapsulas\/aquenio\/","title":{"rendered":"Aquenio"},"content":{"rendered":"<p>Wolstton Aquenio est probablement l\u2019un des d\u00e9caf\u00e9in\u00e9s les plus \u00e9tonnants jamais cr\u00e9\u00e9s. Il s\u2019agit, en effet, du seul caf\u00e9 d\u00e9caf\u00e9in\u00e9 \u00e9labor\u00e9 avec 5 vari\u00e9t\u00e9s d\u2019une qualit\u00e9 exceptionnelle\u00a0: \u00c9thiopie, Sumatra, Mexique, Guatemala et Br\u00e9sil. Outre cette composition remarquable, il fait appel \u00e0 deux processus naturels d\u2019extraction de la caf\u00e9ine qui n\u2019utilisent aucun produit chimique mais de l\u2019eau de source de montagne\u00a0: Swiss Water et Mountain Water Process. Ces deux aspects, la composition et le processus de d\u00e9caf\u00e9ination, produisent un blend riche en texture, en corps et en saveur, d\u2019une qualit\u00e9 comparable aux caf\u00e9s de sp\u00e9cialit\u00e9 et dont la singularit\u00e9 n\u2019a rien \u00e0 envier aux autres blends de la marque Wolstton.<\/p>\n","protected":false},"excerpt":{"rendered":"<p>L\u2019un des d\u00e9caf\u00e9in\u00e9s les plus uniques jamais cr\u00e9\u00e9s : fabriqu\u00e9 avec des vari\u00e9t\u00e9s d\u2019\u00c9thiopie, de Sumatra, du Mexique, du Guatemala et du Br\u00e9sil.<\/p>\n","protected":false},"featured_media":1117,"template":"","meta":[],"product_cat":[89],"product_tag":[],"class_list":["post-2074","product","type-product","status-publish","has-post-thumbnail","hentry","product_cat-sin-categorizar-fr"],"acf":[],"_links":{"self":[{"href":"https:\/\/www.wolsttoncoffee.com\/fr\/wp-json\/wp\/v2\/product\/2074","targetHints":{"allow":["GET"]}}],"collection":[{"href":"https:\/\/www.wolsttoncoffee.com\/fr\/wp-json\/wp\/v2\/product"}],"about":[{"href":"https:\/\/www.wolsttoncoffee.com\/fr\/wp-json\/wp\/v2\/types\/product"}],"wp:featuredmedia":[{"embeddable":true,"href":"https:\/\/www.wolsttoncoffee.com\/fr\/wp-json\/wp\/v2\/media\/1117"}],"wp:attachment":[{"href":"https:\/\/www.wolsttoncoffee.com\/fr\/wp-json\/wp\/v2\/media?parent=2074"}],"wp:term":[{"taxonomy":"product_cat","embeddable":true,"href":"https:\/\/www.wolsttoncoffee.com\/fr\/wp-json\/wp\/v2\/product_cat?post=2074"},{"taxonomy":"product_tag","embeddable":true,"href":"https:\/\/www.wolsttoncoffee.com\/fr\/wp-json\/wp\/v2\/product_tag?post=2074"}],"curies":[{"name":"wp","href":"https:\/\/api.w.org\/{rel}","templated":true}]}}