{"id":2085,"date":"2021-05-20T11:06:20","date_gmt":"2021-06-04T12:27:23","guid":{"rendered":"https:\/\/www.wolsttoncoffee.com\/product\/henalu\/"},"modified":"2026-02-26T09:33:29","modified_gmt":"2026-02-26T08:33:29","slug":"henalu","status":"publish","type":"product","link":"https:\/\/www.wolsttoncoffee.com\/fr\/cafeencapsulas\/henalu\/","title":{"rendered":"Henalu"},"content":{"rendered":"<p>Henalu est n\u00e9 alors que la marque Wolstton n\u2019en \u00e9tait qu\u2019\u00e0 ses balbutiements. Il est le fruit de notre esprit d\u2019aventure, de notre passion pour la nouveaut\u00e9 et pour l\u2019harmonie avec la nature. Tous ces \u00e9l\u00e9ments se retrouvent dans un blend o\u00f9 s\u2019invitent des caf\u00e9s de destinations connues pour leurs plages de surf mythiques\u00a0: Sumatra, l\u2019Australie, Hawa\u00ef et les \u00eeles Gal\u00e1pagos. La combinaison unique de ces vari\u00e9t\u00e9s offre un caf\u00e9 impulsif et intense, qui incite \u00e0 d\u00e9couvrir de nouvelles sensations.<\/p>\n","protected":false},"excerpt":{"rendered":"<p>M\u00e9lange compos\u00e9 de caf\u00e9s de sp\u00e9cialit\u00e9 de Sumatra, d\u2019Australie, d\u2019Hawa\u00ef et des \u00eeles Galapagos. Con\u00e7u \u00e0 partir d\u2019une passion pour l\u2019aventure et la d\u00e9couverte.<\/p>\n","protected":false},"featured_media":1119,"template":"","meta":[],"product_cat":[89],"product_tag":[],"class_list":["post-2085","product","type-product","status-publish","has-post-thumbnail","hentry","product_cat-sin-categorizar-fr"],"acf":[],"_links":{"self":[{"href":"https:\/\/www.wolsttoncoffee.com\/fr\/wp-json\/wp\/v2\/product\/2085","targetHints":{"allow":["GET"]}}],"collection":[{"href":"https:\/\/www.wolsttoncoffee.com\/fr\/wp-json\/wp\/v2\/product"}],"about":[{"href":"https:\/\/www.wolsttoncoffee.com\/fr\/wp-json\/wp\/v2\/types\/product"}],"wp:featuredmedia":[{"embeddable":true,"href":"https:\/\/www.wolsttoncoffee.com\/fr\/wp-json\/wp\/v2\/media\/1119"}],"wp:attachment":[{"href":"https:\/\/www.wolsttoncoffee.com\/fr\/wp-json\/wp\/v2\/media?parent=2085"}],"wp:term":[{"taxonomy":"product_cat","embeddable":true,"href":"https:\/\/www.wolsttoncoffee.com\/fr\/wp-json\/wp\/v2\/product_cat?post=2085"},{"taxonomy":"product_tag","embeddable":true,"href":"https:\/\/www.wolsttoncoffee.com\/fr\/wp-json\/wp\/v2\/product_tag?post=2085"}],"curies":[{"name":"wp","href":"https:\/\/api.w.org\/{rel}","templated":true}]}}