{"id":2152,"date":"2021-06-02T14:10:15","date_gmt":"2021-06-02T14:10:15","guid":{"rendered":"https:\/\/www.wolsttoncoffee.com\/product\/henalu-2\/"},"modified":"2022-11-07T18:01:56","modified_gmt":"2022-11-07T17:01:56","slug":"henalu-2","status":"publish","type":"product","link":"https:\/\/www.wolsttoncoffee.com\/fr\/cafeencapsulas\/henalu-2\/","title":{"rendered":"Henalu"},"content":{"rendered":"<h3>R\u00e9sultat de la d\u00e9gustation<\/h3>\n<p>Provenant uniquement et exclusivement des \u00celes Galapagos, on pourrait qualifier ce caf\u00e9 100% Arabica de &#8221; miracle de la nature &#8220;. Son existence s&#8217;explique par plusieurs ph\u00e9nom\u00e8nes naturels&nbsp;: la nature volcanique de l&#8217;archipel et la richesse des nutriments apport\u00e9s \u00e0 travers les s\u00e9diments marins par de forts courants oc\u00e9aniques, font de ce caf\u00e9 une v\u00e9ritable exception, produite de fa\u00e7on enti\u00e8rement artisanale par de petites familles productrices de ces \u00eeles. La d\u00e9gustation de ce caf\u00e9 est une exp\u00e9rience exceptionnelle et extraordinaire. Une possibilit\u00e9 \u00e0 la port\u00e9e de tr\u00e8s peu de personnes, qui, en outre, est propos\u00e9e dans une capsule int\u00e9gralement biod\u00e9gradable et compostable, garantissant un impact quasi nul sur l&#8217;environnement.<\/p>\n","protected":false},"excerpt":{"rendered":"<p>Provenant uniquement et exclusivement des \u00celes Galapagos, on pourrait qualifier ce caf\u00e9 100% Arabica de &#8221; miracle de la nature &#8220;. Son existence s&#8217;explique par plusieurs ph\u00e9nom\u00e8nes naturels&nbsp;: la nature volcanique de l&#8217;archipel et la richesse des nutriments apport\u00e9s&#8230;<\/p>\n","protected":false},"featured_media":1119,"template":"","meta":[],"product_cat":[89],"product_tag":[],"class_list":["post-2152","product","type-product","status-publish","has-post-thumbnail","hentry","product_cat-sin-categorizar-fr"],"acf":[],"_links":{"self":[{"href":"https:\/\/www.wolsttoncoffee.com\/fr\/wp-json\/wp\/v2\/product\/2152","targetHints":{"allow":["GET"]}}],"collection":[{"href":"https:\/\/www.wolsttoncoffee.com\/fr\/wp-json\/wp\/v2\/product"}],"about":[{"href":"https:\/\/www.wolsttoncoffee.com\/fr\/wp-json\/wp\/v2\/types\/product"}],"wp:featuredmedia":[{"embeddable":true,"href":"https:\/\/www.wolsttoncoffee.com\/fr\/wp-json\/wp\/v2\/media\/1119"}],"wp:attachment":[{"href":"https:\/\/www.wolsttoncoffee.com\/fr\/wp-json\/wp\/v2\/media?parent=2152"}],"wp:term":[{"taxonomy":"product_cat","embeddable":true,"href":"https:\/\/www.wolsttoncoffee.com\/fr\/wp-json\/wp\/v2\/product_cat?post=2152"},{"taxonomy":"product_tag","embeddable":true,"href":"https:\/\/www.wolsttoncoffee.com\/fr\/wp-json\/wp\/v2\/product_tag?post=2152"}],"curies":[{"name":"wp","href":"https:\/\/api.w.org\/{rel}","templated":true}]}}